{"id":9959,"date":"2023-10-23T13:35:24","date_gmt":"2023-10-23T11:35:24","guid":{"rendered":"https:\/\/trektrycy.pl\/?page_id=9959"},"modified":"2023-12-12T14:43:40","modified_gmt":"2023-12-12T13:43:40","slug":"porady-praktyczne","status":"publish","type":"page","link":"https:\/\/trektrycy.pl\/?page_id=9959","title":{"rendered":"Sprawy praktyczne"},"content":{"rendered":"\n<h2 class=\"wp-block-heading has-text-align-center has-vivid-cyan-blue-color has-text-color\">1. Wyposa\u017cenie<\/h2>\n\n\n\n<div style=\"height:20px\" aria-hidden=\"true\" class=\"wp-block-spacer\"><\/div>\n\n\n<div class=\"align wp-block-vpb-video\" id='vpbVideoPlayer-1' data-attributes='{&quot;clientId&quot;:&quot;31db6060-d&quot;,&quot;source&quot;:&quot;https:\\\/\\\/trektrycy.pl\\\/wp-content\\\/uploads\\\/2023\\\/10\\\/Czolowka-nowa.mp4&quot;,&quot;controls&quot;:{&quot;play-large&quot;:false,&quot;restart&quot;:true,&quot;rewind&quot;:false,&quot;play&quot;:true,&quot;fast-forward&quot;:false,&quot;progress&quot;:true,&quot;current-time&quot;:true,&quot;duration&quot;:false,&quot;mute&quot;:true,&quot;volume&quot;:true,&quot;pip&quot;:false,&quot;airplay&quot;:false,&quot;settings&quot;:false,&quot;download&quot;:false,&quot;fullscreen&quot;:true},&quot;width&quot;:&quot;85%&quot;,&quot;radius&quot;:&quot;20px&quot;,&quot;autoplay&quot;:true,&quot;align&quot;:&quot;&quot;,&quot;poster&quot;:&quot;&quot;,&quot;repeat&quot;:false,&quot;muted&quot;:false,&quot;resetOnEnd&quot;:false,&quot;autoHideControl&quot;:true,&quot;advgbBlockControls&quot;:[]}'><\/div>\n\n\n<div style=\"height:20px\" aria-hidden=\"true\" class=\"wp-block-spacer\"><\/div>\n\n\n\n<p><strong>Oznaczenia w tekstach:<\/strong><\/p>\n\n\n\n<div class=\"wp-block-columns is-layout-flex wp-container-core-columns-is-layout-9d6595d7 wp-block-columns-is-layout-flex\">\n<div class=\"wp-block-column is-layout-flow wp-block-column-is-layout-flow\">\n<p class=\"has-text-align-center has-white-color has-text-color has-link-color red-message wp-elements-23ec6ac6c8dd9808b32658d02296325b\"><strong>NIEZB\u0118DNE<\/strong><\/p>\n\n\n\n<p><\/p>\n<\/div>\n\n\n\n<div class=\"wp-block-column is-layout-flow wp-block-column-is-layout-flow\">\n<p class=\"has-text-align-center has-black-color has-text-color has-link-color orange-message wp-elements-4842585ef3622555afa2de77859b70e1\"><strong>PRZYDATNE<\/strong><\/p>\n<\/div>\n\n\n\n<div class=\"wp-block-column is-layout-flow wp-block-column-is-layout-flow\">\n<p class=\"has-text-align-center has-black-color has-text-color has-link-color green-message wp-elements-44f5a3ff7d5afdb05d7bb691071eb05a\"><strong>OPCJONALNE<\/strong><\/p>\n<\/div>\n<\/div>\n\n\n\n<div style=\"height:10px\" aria-hidden=\"true\" class=\"wp-block-spacer\"><\/div>\n\n\n\n<div class=\"wp-block-buttons is-layout-flex wp-block-buttons-is-layout-flex\">\n<div class=\"wp-block-button has-custom-width wp-block-button__width-100 has-custom-font-size is-style-fill hvr-grow has-small-font-size\"><a class=\"wp-block-button__link has-black-color has-vivid-green-cyan-background-color has-text-color has-background has-link-color has-text-align-center wp-element-button\" href=\"https:\/\/trektrycy.pl\/?page_id=10094\"><strong>Spodnie szybkoschn\u0105ce (i nie tylko)<\/strong><\/a><\/div>\n\n\n\n<div class=\"wp-block-button has-custom-width wp-block-button__width-100 has-custom-font-size is-style-fill hvr-grow has-small-font-size\"><a class=\"wp-block-button__link has-black-color has-light-green-cyan-background-color has-text-color has-background has-link-color has-text-align-center wp-element-button\" href=\"https:\/\/trektrycy.pl\/?page_id=10170\"><strong>Kurtka nieprzemakalna (itp)<\/strong><\/a><\/div>\n\n\n\n<div class=\"wp-block-button has-custom-width wp-block-button__width-100 has-custom-font-size is-style-fill hvr-grow has-small-font-size\"><a class=\"wp-block-button__link has-black-color has-vivid-green-cyan-background-color has-text-color has-background has-link-color has-text-align-center wp-element-button\" href=\"https:\/\/trektrycy.pl\/?page_id=10199\"><strong>Buty trekkingowe<\/strong><\/a><\/div>\n\n\n\n<div class=\"wp-block-button has-custom-width wp-block-button__width-100 has-custom-font-size is-style-fill hvr-grow has-small-font-size\"><a class=\"wp-block-button__link has-black-color has-light-green-cyan-background-color has-text-color has-background has-link-color has-text-align-center wp-element-button\" href=\"https:\/\/trektrycy.pl\/?page_id=10234\"><strong>Latarka<\/strong><\/a><\/div>\n\n\n\n<div class=\"wp-block-button has-custom-width wp-block-button__width-100 has-custom-font-size is-style-fill hvr-grow has-small-font-size\"><a class=\"wp-block-button__link has-black-color has-vivid-green-cyan-background-color has-text-color has-background has-link-color has-text-align-center wp-element-button\" href=\"https:\/\/trektrycy.pl\/?page_id=10257\"><strong>Kamera<\/strong><\/a><\/div>\n\n\n\n<div class=\"wp-block-button has-custom-width wp-block-button__width-100 has-custom-font-size is-style-fill hvr-grow has-small-font-size\"><a class=\"wp-block-button__link has-black-color has-light-green-cyan-background-color has-text-color has-background has-link-color has-text-align-center wp-element-button\" href=\"https:\/\/trektrycy.pl\/?page_id=10037\"><strong>Nawigacja GPS<\/strong><\/a><\/div>\n\n\n\n<div class=\"wp-block-button has-custom-width wp-block-button__width-100 has-custom-font-size is-style-fill hvr-grow has-small-font-size\"><a class=\"wp-block-button__link has-black-color has-vivid-green-cyan-background-color has-text-color has-background has-link-color has-text-align-center wp-element-button\" href=\"https:\/\/trektrycy.pl\/?page_id=10060\"><strong>Komunikator<\/strong><\/a><\/div>\n\n\n\n<div class=\"wp-block-button has-custom-width wp-block-button__width-100 has-custom-font-size is-style-fill hvr-grow has-small-font-size\"><a class=\"wp-block-button__link has-black-color has-light-green-cyan-background-color has-text-color has-background has-link-color has-text-align-center wp-element-button\" href=\"https:\/\/trektrycy.pl\/?page_id=10312\"><strong>Zegarek<\/strong><\/a><\/div>\n\n\n\n<div class=\"wp-block-button has-custom-width wp-block-button__width-100 has-custom-font-size is-style-fill hvr-grow has-small-font-size\"><a class=\"wp-block-button__link has-black-color has-vivid-green-cyan-background-color has-text-color has-background has-link-color has-text-align-center wp-element-button\" href=\"https:\/\/trektrycy.pl\/?page_id=10330\"><strong>Nakrycie g\u0142owy<\/strong><\/a><\/div>\n\n\n\n<div class=\"wp-block-button has-custom-width wp-block-button__width-100 has-custom-font-size is-style-fill hvr-grow has-small-font-size\"><a class=\"wp-block-button__link has-black-color has-light-green-cyan-background-color has-text-color has-background has-link-color has-text-align-center wp-element-button\" href=\"https:\/\/trektrycy.pl\/?page_id=10356\"><strong>Plecak<\/strong><\/a><\/div>\n<\/div>\n\n\n\n<div style=\"height:20px\" aria-hidden=\"true\" class=\"wp-block-spacer\"><\/div>\n\n\n\n<h2 class=\"wp-block-heading has-text-align-center has-vivid-cyan-blue-color has-text-color has-link-color wp-elements-a0db730eddd753f7b3683b49dcc7abd1\">2. Nasze do\u015bwiadczenia<\/h2>\n\n\n\n<div style=\"height:10px\" aria-hidden=\"true\" class=\"wp-block-spacer\"><\/div>\n\n\n\n<div class=\"wp-block-buttons is-layout-flex wp-block-buttons-is-layout-flex\">\n<div class=\"wp-block-button has-custom-width wp-block-button__width-100 has-custom-font-size hvr-grow has-small-font-size\"><a class=\"wp-block-button__link has-black-color has-vivid-green-cyan-background-color has-text-color has-background has-link-color wp-element-button\" href=\"https:\/\/trektrycy.pl\/?page_id=10103\"><strong>Ampollas, vesciche, blisters czyli p\u0119cherze<\/strong><\/a><\/div>\n\n\n\n<div class=\"wp-block-button has-custom-width wp-block-button__width-100 has-custom-font-size hvr-grow has-small-font-size\"><a class=\"wp-block-button__link has-black-color has-light-green-cyan-background-color has-text-color has-background has-link-color wp-element-button\" href=\"https:\/\/trektrycy.pl\/?page_id=10112\"><strong>Compeed a grube skarpety<\/strong><\/a><\/div>\n\n\n\n<div class=\"wp-block-button has-custom-width wp-block-button__width-100 has-custom-font-size hvr-grow has-small-font-size\"><a class=\"wp-block-button__link has-black-color has-vivid-green-cyan-background-color has-text-color has-background has-link-color wp-element-button\" href=\"https:\/\/trektrycy.pl\/?page_id=10116\"><strong>Nag\u0142y b\u00f3l w plecach<\/strong><\/a><\/div>\n\n\n\n<div class=\"wp-block-button has-custom-width wp-block-button__width-100 has-custom-font-size hvr-grow has-small-font-size\"><a class=\"wp-block-button__link has-black-color has-light-green-cyan-background-color has-text-color has-background has-link-color wp-element-button\" href=\"https:\/\/trektrycy.pl\/?page_id=10119\"><strong>Ci\u0119\u017car plecaka<\/strong><\/a><\/div>\n\n\n\n<div class=\"wp-block-button has-custom-width wp-block-button__width-100 has-custom-font-size hvr-grow has-small-font-size\"><a class=\"wp-block-button__link has-black-color has-vivid-green-cyan-background-color has-text-color has-background has-link-color wp-element-button\" href=\"https:\/\/trektrycy.pl\/?page_id=10129\"><strong>Kto\u015b zabra\u0142 moje buty<\/strong><\/a><\/div>\n\n\n\n<div class=\"wp-block-button has-custom-width wp-block-button__width-100 has-custom-font-size hvr-grow has-small-font-size\"><a class=\"wp-block-button__link has-black-color has-light-green-cyan-background-color has-text-color has-background has-link-color wp-element-button\" href=\"https:\/\/trektrycy.pl\/?page_id=10134\"><strong>Fa\u0142szywi pielgrzymi<\/strong><\/a><\/div>\n\n\n\n<div class=\"wp-block-button has-custom-width wp-block-button__width-100 has-custom-font-size hvr-grow has-small-font-size\"><a class=\"wp-block-button__link has-black-color has-vivid-green-cyan-background-color has-text-color has-background has-link-color wp-element-button\" href=\"https:\/\/trektrycy.pl\/?page_id=10139\"><strong>Bezpieczne \u0142adowanie sprz\u0119tu elektronicznego<\/strong><\/a><\/div>\n\n\n\n<div class=\"wp-block-button has-custom-width wp-block-button__width-100 has-custom-font-size hvr-grow has-small-font-size\"><a class=\"wp-block-button__link has-black-color has-light-green-cyan-background-color has-text-color has-background has-link-color wp-element-button\" href=\"https:\/\/trektrycy.pl\/?page_id=10149\"><strong>Aplikacja <em>Alert Cops<\/em><\/strong><\/a><\/div>\n<\/div>\n\n\n\n<div style=\"height:30px\" aria-hidden=\"true\" class=\"wp-block-spacer\"><\/div>\n\n\n\n<div class=\"wp-block-columns is-layout-flex wp-container-core-columns-is-layout-9d6595d7 wp-block-columns-is-layout-flex\">\n<div class=\"wp-block-column is-layout-flow wp-block-column-is-layout-flow\">\n<div class=\"wp-block-advgb-button alignleft hvr-wobble-vertical\"><a class=\"wp-block-advgb-button_link advgbbtn-b46ae7e9-d2b8-4a9d-a9ed-1cc58eeeb29a\" href=\"https:\/\/trektrycy.pl\/\" target=\"_self\" rel=\"noopener noreferrer\"><span><strong>STRONA G\u0141\u00d3WNA<\/strong><\/span><\/a><\/div>\n<\/div>\n\n\n\n<div class=\"wp-block-column is-layout-flow wp-block-column-is-layout-flow\">\n<div class=\"wp-block-advgb-button aligncenter hvr-wobble-vertical\"><a class=\"wp-block-advgb-button_link advgbbtn-4b0e3c4a-38d4-40b6-b68e-dd1d6c49963a\" href=\"https:\/\/trektrycy.pl\/?p=1\" target=\"_self\" rel=\"noopener noreferrer\"><span><strong>O NAS<\/strong><\/span><\/a><\/div>\n<\/div>\n\n\n\n<div class=\"wp-block-column is-layout-flow wp-block-column-is-layout-flow\">\n<div class=\"wp-block-advgb-button alignright hvr-wobble-vertical\"><a class=\"wp-block-advgb-button_link advgbbtn-031d38ea-dea0-4ef0-a466-ad4e630ac658\" href=\"https:\/\/trektrycy.pl\/?page_id=96\" target=\"_self\" rel=\"noopener noreferrer\"><span><strong>NAPISZ DO NAS<\/strong><\/span><\/a><\/div>\n<\/div>\n<\/div>\n\n\n\n<div style=\"height:48px\" aria-hidden=\"true\" class=\"wp-block-spacer\"><\/div>\n<style class=\"advgb-styles-renderer\">.advgbbtn-b46ae7e9-d2b8-4a9d-a9ed-1cc58eeeb29a{font-size:18px;color:#ffffff !important;background-color:#0693e3 !important;margin:0px 0px 0px 0px !important;padding:10px 30px 10px 30px;border-width:1px !important;border-style:none;border-radius:50px !important;}.advgbbtn-b46ae7e9-d2b8-4a9d-a9ed-1cc58eeeb29a:hover{color:#0693e3 !important;background-color:#8ed1fc !important;box-shadow:1px 1px 12px 0px #abb8c3;opacity:1;transition:all 0.2s ease;}.advgbbtn-b46ae7e9-d2b8-4a9d-a9ed-1cc58eeeb29a > i {display: none !important;}.advgbbtn-b46ae7e9-d2b8-4a9d-a9ed-1cc58eeeb29a{font-size:18px;color:#ffffff !important;background-color:#0693e3 !important;margin:0px 0px 0px 0px !important;padding:10px 30px 10px 30px;border-width:1px !important;border-style:none;border-radius:50px !important;}.advgbbtn-b46ae7e9-d2b8-4a9d-a9ed-1cc58eeeb29a:hover{color:#0693e3 !important;background-color:#8ed1fc !important;box-shadow:1px 1px 12px 0px #abb8c3;opacity:1;transition:all 0.2s ease;}.advgbbtn-b46ae7e9-d2b8-4a9d-a9ed-1cc58eeeb29a > i {display: none !important;}.advgbbtn-4b0e3c4a-38d4-40b6-b68e-dd1d6c49963a{font-size:18px;color:#ffffff !important;background-color:#0693e3 !important;margin:0px 0px 0px 0px !important;padding:10px 30px 10px 30px;border-width:1px !important;border-style:none;border-radius:50px !important;}.advgbbtn-4b0e3c4a-38d4-40b6-b68e-dd1d6c49963a:hover{color:#0693e3 !important;background-color:#8ed1fc !important;box-shadow:1px 1px 12px 0px #abb8c3;opacity:1;transition:all 0.2s ease;}.advgbbtn-4b0e3c4a-38d4-40b6-b68e-dd1d6c49963a > i {display: none !important;}.advgbbtn-4b0e3c4a-38d4-40b6-b68e-dd1d6c49963a{font-size:18px;color:#ffffff !important;background-color:#0693e3 !important;margin:0px 0px 0px 0px !important;padding:10px 30px 10px 30px;border-width:1px !important;border-style:none;border-radius:50px !important;}.advgbbtn-4b0e3c4a-38d4-40b6-b68e-dd1d6c49963a:hover{color:#0693e3 !important;background-color:#8ed1fc !important;box-shadow:1px 1px 12px 0px #abb8c3;opacity:1;transition:all 0.2s ease;}.advgbbtn-4b0e3c4a-38d4-40b6-b68e-dd1d6c49963a > i {display: none !important;}.advgbbtn-031d38ea-dea0-4ef0-a466-ad4e630ac658{font-size:18px;color:#ffffff !important;background-color:#0693e3 !important;margin:0px 0px 0px 0px !important;padding:10px 30px 10px 30px;border-width:1px !important;border-style:none;border-radius:50px !important;}.advgbbtn-031d38ea-dea0-4ef0-a466-ad4e630ac658:hover{color:#0693e3 !important;background-color:#8ed1fc !important;box-shadow:1px 1px 12px 0px #abb8c3;opacity:1;transition:all 0.2s ease;}.advgbbtn-031d38ea-dea0-4ef0-a466-ad4e630ac658 > i {display: none !important;}.advgbbtn-031d38ea-dea0-4ef0-a466-ad4e630ac658{font-size:18px;color:#ffffff !important;background-color:#0693e3 !important;margin:0px 0px 0px 0px !important;padding:10px 30px 10px 30px;border-width:1px !important;border-style:none;border-radius:50px !important;}.advgbbtn-031d38ea-dea0-4ef0-a466-ad4e630ac658:hover{color:#0693e3 !important;background-color:#8ed1fc !important;box-shadow:1px 1px 12px 0px #abb8c3;opacity:1;transition:all 0.2s ease;}.advgbbtn-031d38ea-dea0-4ef0-a466-ad4e630ac658 > i {display: none !important;}.advgbbtn-b46ae7e9-d2b8-4a9d-a9ed-1cc58eeeb29a{font-size:18px;color:#ffffff !important;background-color:#0693e3 !important;margin:0px 0px 0px 0px !important;padding:10px 30px 10px 30px;border-width:1px !important;border-style:none;border-radius:50px !important;}.advgbbtn-b46ae7e9-d2b8-4a9d-a9ed-1cc58eeeb29a:hover{color:#0693e3 !important;background-color:#8ed1fc !important;box-shadow:1px 1px 12px 0px #abb8c3;opacity:1;transition:all 0.2s ease;}.advgbbtn-b46ae7e9-d2b8-4a9d-a9ed-1cc58eeeb29a > i {display: none !important;}.advgbbtn-4b0e3c4a-38d4-40b6-b68e-dd1d6c49963a{font-size:18px;color:#ffffff !important;background-color:#0693e3 !important;margin:0px 0px 0px 0px !important;padding:10px 30px 10px 30px;border-width:1px !important;border-style:none;border-radius:50px !important;}.advgbbtn-4b0e3c4a-38d4-40b6-b68e-dd1d6c49963a:hover{color:#0693e3 !important;background-color:#8ed1fc !important;box-shadow:1px 1px 12px 0px #abb8c3;opacity:1;transition:all 0.2s ease;}.advgbbtn-4b0e3c4a-38d4-40b6-b68e-dd1d6c49963a > i {display: none !important;}.advgbbtn-031d38ea-dea0-4ef0-a466-ad4e630ac658{font-size:18px;color:#ffffff !important;background-color:#0693e3 !important;margin:0px 0px 0px 0px !important;padding:10px 30px 10px 30px;border-width:1px !important;border-style:none;border-radius:50px !important;}.advgbbtn-031d38ea-dea0-4ef0-a466-ad4e630ac658:hover{color:#0693e3 !important;background-color:#8ed1fc !important;box-shadow:1px 1px 12px 0px #abb8c3;opacity:1;transition:all 0.2s ease;}.advgbbtn-031d38ea-dea0-4ef0-a466-ad4e630ac658 > i {display: none !important;}<\/style><style>.template_11{background:#2980b9;background:linear-gradient(225deg,#2980b9 0,#6dd5fa 50%,#fff 100%);padding:15px;margin:15px;border-radius:40px;border:2px solid #2980b9;font-family:calibri;font-size:13pt;text-align:center}.template_11>div{color:#1a1a1a;display:inline-block;margin:0 30px}.template_11>div>span{font-weight:700;margin-left:10px}.template_11 .icons{color:#1a1a1a;margin-right:5px;font-weight:700}@media (max-width:644px){.template_11>div{margin:0 10px}}@media (max-width:525px){.template_11>div{display:block;margin:0;padding:10px 0;border-bottom:1px solid #2980b9}.template_11>div:last-child{border-bottom:none}}<\/style><style>.apvc_shortcode_ren_5877 { text-align:center;} <\/style><div class=\"apvc_shortcode_ren_5877 template_11\"><div><img decoding=\"async\" src=\"https:\/\/trektrycy.pl\/wp-content\/plugins\/advanced-page-visit-counter\/public\/images\/eye-icon.png\" class=\"apvc-view-icon\" alt=\"apvc-icon\">Odwiedzin: 16728<\/div><\/div>","protected":false},"excerpt":{"rendered":"<p>1. Wyposa\u017cenie Oznaczenia w tekstach: NIEZB\u0118DNE PRZYDATNE OPCJONALNE 2. Nasze do\u015bwiadczenia Odwiedzin: 16728<\/p>\n","protected":false},"author":1,"featured_media":0,"parent":0,"menu_order":0,"comment_status":"closed","ping_status":"closed","template":"","meta":{"advgb_blocks_editor_width":"","advgb_blocks_columns_visual_guide":"","footnotes":""},"class_list":["post-9959","page","type-page","status-publish","hentry"],"aioseo_notices":[],"coauthors":[],"author_meta":{"author_link":"https:\/\/trektrycy.pl\/?author=1","display_name":"Zbig"},"relative_dates":{"created":"Posted 2 lata ago","modified":"Updated 2 lata ago"},"absolute_dates":{"created":"Posted on 23\/10\/2023","modified":"Updated on 12\/12\/2023"},"absolute_dates_time":{"created":"Posted on 23\/10\/2023 13:35","modified":"Updated on 12\/12\/2023 14:43"},"featured_img_caption":"","featured_img":false,"series_order":"","_links":{"self":[{"href":"https:\/\/trektrycy.pl\/index.php?rest_route=\/wp\/v2\/pages\/9959","targetHints":{"allow":["GET"]}}],"collection":[{"href":"https:\/\/trektrycy.pl\/index.php?rest_route=\/wp\/v2\/pages"}],"about":[{"href":"https:\/\/trektrycy.pl\/index.php?rest_route=\/wp\/v2\/types\/page"}],"author":[{"embeddable":true,"href":"https:\/\/trektrycy.pl\/index.php?rest_route=\/wp\/v2\/users\/1"}],"replies":[{"embeddable":true,"href":"https:\/\/trektrycy.pl\/index.php?rest_route=%2Fwp%2Fv2%2Fcomments&post=9959"}],"version-history":[{"count":82,"href":"https:\/\/trektrycy.pl\/index.php?rest_route=\/wp\/v2\/pages\/9959\/revisions"}],"predecessor-version":[{"id":12497,"href":"https:\/\/trektrycy.pl\/index.php?rest_route=\/wp\/v2\/pages\/9959\/revisions\/12497"}],"wp:attachment":[{"href":"https:\/\/trektrycy.pl\/index.php?rest_route=%2Fwp%2Fv2%2Fmedia&parent=9959"}],"curies":[{"name":"wp","href":"https:\/\/api.w.org\/{rel}","templated":true}]}}