{"id":65,"date":"2023-02-13T11:55:47","date_gmt":"2023-02-13T10:55:47","guid":{"rendered":"https:\/\/trektrycy.pl\/?page_id=65"},"modified":"2025-12-20T14:07:00","modified_gmt":"2025-12-20T13:07:00","slug":"kraje","status":"publish","type":"page","link":"https:\/\/trektrycy.pl\/","title":{"rendered":"W drodze"},"content":{"rendered":"\nPrzed wyj\u015bciem na Rota Vicentina us\u0142yszeli\u015bmy na placu w Lagos, jakby specjalnie do nas skierowane: &#8222;I kto m\u00f3wi, \u017ce nie mo\u017cesz tego dokona\u0107?&#8221;\n\n\n\n<figure class=\"wp-block-audio\"><audio controls src=\"https:\/\/trektrycy.pl\/wp-content\/uploads\/2023\/02\/Who-says.mp3\"><\/audio><\/figure>\n\n\n\n<div style=\"height:30px\" aria-hidden=\"true\" class=\"wp-block-spacer\"><\/div>\n\n\n\n<div class=\"wp-block-columns is-layout-flex wp-container-core-columns-is-layout-9d6595d7 wp-block-columns-is-layout-flex\">\n<div class=\"wp-block-column is-layout-flow wp-block-column-is-layout-flow\">\n<figure class=\"wp-block-image size-full is-style-rounded hvr-grow\"><a href=\"https:\/\/trektrycy.pl\/?page_id=167\"><img loading=\"lazy\" decoding=\"async\" width=\"800\" height=\"800\" src=\"https:\/\/trektrycy.pl\/wp-content\/uploads\/2023\/02\/Austria-tytul-1.jpg\" alt=\"Austria\" class=\"wp-image-224\" srcset=\"https:\/\/trektrycy.pl\/wp-content\/uploads\/2023\/02\/Austria-tytul-1.jpg 800w, https:\/\/trektrycy.pl\/wp-content\/uploads\/2023\/02\/Austria-tytul-1-300x300.jpg 300w, https:\/\/trektrycy.pl\/wp-content\/uploads\/2023\/02\/Austria-tytul-1-150x150.jpg 150w, https:\/\/trektrycy.pl\/wp-content\/uploads\/2023\/02\/Austria-tytul-1-768x768.jpg 768w, https:\/\/trektrycy.pl\/wp-content\/uploads\/2023\/02\/Austria-tytul-1-60x60.jpg 60w\" sizes=\"auto, (max-width: 800px) 100vw, 800px\" \/><\/a><\/figure>\n<\/div>\n\n\n\n<div class=\"wp-block-column is-layout-flow wp-block-column-is-layout-flow\">\n<figure class=\"wp-block-image size-full is-style-rounded hvr-grow wp-duotone-unset-1\"><a href=\"https:\/\/trektrycy.pl\/?page_id=169\"><img loading=\"lazy\" decoding=\"async\" width=\"800\" height=\"800\" src=\"https:\/\/trektrycy.pl\/wp-content\/uploads\/2023\/02\/Czechy-tytul-1.jpg\" alt=\"Czechy\" class=\"wp-image-221\" srcset=\"https:\/\/trektrycy.pl\/wp-content\/uploads\/2023\/02\/Czechy-tytul-1.jpg 800w, https:\/\/trektrycy.pl\/wp-content\/uploads\/2023\/02\/Czechy-tytul-1-300x300.jpg 300w, https:\/\/trektrycy.pl\/wp-content\/uploads\/2023\/02\/Czechy-tytul-1-150x150.jpg 150w, https:\/\/trektrycy.pl\/wp-content\/uploads\/2023\/02\/Czechy-tytul-1-768x768.jpg 768w, https:\/\/trektrycy.pl\/wp-content\/uploads\/2023\/02\/Czechy-tytul-1-60x60.jpg 60w\" sizes=\"auto, (max-width: 800px) 100vw, 800px\" \/><\/a><\/figure>\n<\/div>\n\n\n\n<div class=\"wp-block-column is-layout-flow wp-block-column-is-layout-flow\">\n<figure class=\"wp-block-image size-large is-style-rounded hvr-grow\"><a href=\"https:\/\/trektrycy.pl\/?page_id=171\"><img loading=\"lazy\" decoding=\"async\" width=\"1024\" height=\"1024\" src=\"https:\/\/trektrycy.pl\/wp-content\/uploads\/2023\/02\/Hiszpania-tytul-1-1024x1024.jpg\" alt=\"Hiszpania\" class=\"wp-image-222\" srcset=\"https:\/\/trektrycy.pl\/wp-content\/uploads\/2023\/02\/Hiszpania-tytul-1-1024x1024.jpg 1024w, https:\/\/trektrycy.pl\/wp-content\/uploads\/2023\/02\/Hiszpania-tytul-1-300x300.jpg 300w, https:\/\/trektrycy.pl\/wp-content\/uploads\/2023\/02\/Hiszpania-tytul-1-150x150.jpg 150w, https:\/\/trektrycy.pl\/wp-content\/uploads\/2023\/02\/Hiszpania-tytul-1-768x768.jpg 768w, https:\/\/trektrycy.pl\/wp-content\/uploads\/2023\/02\/Hiszpania-tytul-1-1536x1536.jpg 1536w, https:\/\/trektrycy.pl\/wp-content\/uploads\/2023\/02\/Hiszpania-tytul-1-2048x2048.jpg 2048w, https:\/\/trektrycy.pl\/wp-content\/uploads\/2023\/02\/Hiszpania-tytul-1-60x60.jpg 60w\" sizes=\"auto, (max-width: 1024px) 100vw, 1024px\" \/><\/a><\/figure>\n<\/div>\n<\/div>\n\n\n\n<p><\/p>\n\n\n\n<div class=\"wp-block-columns is-layout-flex wp-container-core-columns-is-layout-9d6595d7 wp-block-columns-is-layout-flex\">\n<div class=\"wp-block-column is-layout-flow wp-block-column-is-layout-flow\">\n<figure class=\"wp-block-image size-full is-style-rounded hvr-grow\"><a href=\"https:\/\/trektrycy.pl\/?page_id=173\"><img loading=\"lazy\" decoding=\"async\" width=\"800\" height=\"800\" src=\"https:\/\/trektrycy.pl\/wp-content\/uploads\/2023\/02\/Portugalia-tytul.jpg\" alt=\"Portugalia\" class=\"wp-image-216\" srcset=\"https:\/\/trektrycy.pl\/wp-content\/uploads\/2023\/02\/Portugalia-tytul.jpg 800w, https:\/\/trektrycy.pl\/wp-content\/uploads\/2023\/02\/Portugalia-tytul-300x300.jpg 300w, https:\/\/trektrycy.pl\/wp-content\/uploads\/2023\/02\/Portugalia-tytul-150x150.jpg 150w, https:\/\/trektrycy.pl\/wp-content\/uploads\/2023\/02\/Portugalia-tytul-768x768.jpg 768w, https:\/\/trektrycy.pl\/wp-content\/uploads\/2023\/02\/Portugalia-tytul-60x60.jpg 60w\" sizes=\"auto, (max-width: 800px) 100vw, 800px\" \/><\/a><\/figure>\n<\/div>\n\n\n\n<div class=\"wp-block-column is-layout-flow wp-block-column-is-layout-flow\">\n<figure class=\"wp-block-image size-full is-style-rounded hvr-grow wp-duotone-unset-2\"><a href=\"https:\/\/trektrycy.pl\/?page_id=175\"><img loading=\"lazy\" decoding=\"async\" width=\"800\" height=\"800\" src=\"https:\/\/trektrycy.pl\/wp-content\/uploads\/2023\/02\/UK-tytul.jpg\" alt=\"Wielka Brytania\" class=\"wp-image-217\" srcset=\"https:\/\/trektrycy.pl\/wp-content\/uploads\/2023\/02\/UK-tytul.jpg 800w, https:\/\/trektrycy.pl\/wp-content\/uploads\/2023\/02\/UK-tytul-300x300.jpg 300w, https:\/\/trektrycy.pl\/wp-content\/uploads\/2023\/02\/UK-tytul-150x150.jpg 150w, https:\/\/trektrycy.pl\/wp-content\/uploads\/2023\/02\/UK-tytul-768x768.jpg 768w, https:\/\/trektrycy.pl\/wp-content\/uploads\/2023\/02\/UK-tytul-60x60.jpg 60w\" sizes=\"auto, (max-width: 800px) 100vw, 800px\" \/><\/a><\/figure>\n<\/div>\n\n\n\n<div class=\"wp-block-column is-layout-flow wp-block-column-is-layout-flow\">\n<figure class=\"wp-block-image size-full is-style-rounded hvr-grow\"><a href=\"https:\/\/trektrycy.pl\/?page_id=12867\"><img loading=\"lazy\" decoding=\"async\" width=\"1183\" height=\"1183\" src=\"https:\/\/trektrycy.pl\/wp-content\/uploads\/2025\/12\/Francigena-tytul-4.jpg\" alt=\"\" class=\"wp-image-13057\" srcset=\"https:\/\/trektrycy.pl\/wp-content\/uploads\/2025\/12\/Francigena-tytul-4.jpg 1183w, https:\/\/trektrycy.pl\/wp-content\/uploads\/2025\/12\/Francigena-tytul-4-300x300.jpg 300w, https:\/\/trektrycy.pl\/wp-content\/uploads\/2025\/12\/Francigena-tytul-4-1024x1024.jpg 1024w, https:\/\/trektrycy.pl\/wp-content\/uploads\/2025\/12\/Francigena-tytul-4-150x150.jpg 150w, https:\/\/trektrycy.pl\/wp-content\/uploads\/2025\/12\/Francigena-tytul-4-768x768.jpg 768w\" sizes=\"auto, (max-width: 1183px) 100vw, 1183px\" \/><\/a><\/figure>\n<\/div>\n<\/div>\n\n\n\n<div style=\"height:30px\" aria-hidden=\"true\" class=\"wp-block-spacer\"><\/div>\n\n\n\n\n\n<div style=\"height:20px\" aria-hidden=\"true\" class=\"wp-block-spacer\"><\/div>\n\n\n\n<div class=\"wp-block-columns is-layout-flex wp-container-core-columns-is-layout-9d6595d7 wp-block-columns-is-layout-flex\">\n<div class=\"wp-block-column is-layout-flow wp-block-column-is-layout-flow\">\n<div class=\"wp-block-advgb-button alignleft is-style-default hvr-wobble-vertical\"><a class=\"wp-block-advgb-button_link advgbbtn-673135b4-c20a-4e13-900f-cd1bd6dcfb80\" href=\"https:\/\/trektrycy.pl\/?page_id=9959\" target=\"_self\" rel=\"noopener noreferrer\"><span><strong>SPRAWY PRAKTYCZNE<\/strong><\/span><\/a><\/div>\n<\/div>\n\n\n\n<div class=\"wp-block-column is-layout-flow wp-block-column-is-layout-flow\">\n<div class=\"wp-block-advgb-button aligncenter hvr-wobble-vertical\"><a class=\"wp-block-advgb-button_link advgbbtn-d4289f94-4b47-43d2-8f3d-50039bf5b96d\" href=\"https:\/\/trektrycy.pl\/?p=1\" target=\"_self\" rel=\"noopener noreferrer\"><span><strong>O NAS<\/strong><\/span><\/a><\/div>\n<\/div>\n\n\n\n<div class=\"wp-block-column is-layout-flow wp-block-column-is-layout-flow\">\n<div class=\"wp-block-advgb-button alignright hvr-wobble-vertical\"><a class=\"wp-block-advgb-button_link advgbbtn-5a052723-1f9f-4504-9297-06fec0ce918a\" href=\"https:\/\/trektrycy.pl\/?page_id=96\" target=\"_self\" rel=\"noopener noreferrer\"><span><strong>NAPISZ DO NAS<\/strong><\/span><\/a><\/div>\n<\/div>\n<\/div>\n\n\n\n<div style=\"height:50px\" aria-hidden=\"true\" class=\"wp-block-spacer\"><\/div>\n<style class=\"advgb-styles-renderer\">.advgbbtn-673135b4-c20a-4e13-900f-cd1bd6dcfb80{font-size:18px;color:#ffffff !important;background-color:#0693e3 !important;margin:0px 0px 0px 0px !important;padding:10px 30px 10px 30px;border-width:1px !important;border-style:none;border-radius:50px !important;}.advgbbtn-673135b4-c20a-4e13-900f-cd1bd6dcfb80:hover{color:#0693e3 !important;background-color:#8ed1fc !important;box-shadow:1px 1px 12px 0px #abb8c3;opacity:1;transition:all 0.2s ease;}.advgbbtn-673135b4-c20a-4e13-900f-cd1bd6dcfb80 > i {display: none !important;}.advgbbtn-673135b4-c20a-4e13-900f-cd1bd6dcfb80{font-size:18px;color:#ffffff !important;background-color:#0693e3 !important;margin:0px 0px 0px 0px !important;padding:10px 30px 10px 30px;border-width:1px !important;border-style:none;border-radius:50px !important;}.advgbbtn-673135b4-c20a-4e13-900f-cd1bd6dcfb80:hover{color:#0693e3 !important;background-color:#8ed1fc !important;box-shadow:1px 1px 12px 0px #abb8c3;opacity:1;transition:all 0.2s ease;}.advgbbtn-673135b4-c20a-4e13-900f-cd1bd6dcfb80 > i {display: none !important;}.advgbbtn-d4289f94-4b47-43d2-8f3d-50039bf5b96d{font-size:18px;color:#ffffff !important;background-color:#0693e3 !important;margin:0px 0px 0px 0px !important;padding:10px 30px 10px 30px;border-width:1px !important;border-style:none;border-radius:50px !important;}.advgbbtn-d4289f94-4b47-43d2-8f3d-50039bf5b96d:hover{color:#0693e3 !important;background-color:#8ed1fc !important;box-shadow:1px 1px 12px 0px #abb8c3;opacity:1;transition:all 0.2s ease;}.advgbbtn-d4289f94-4b47-43d2-8f3d-50039bf5b96d > i {display: none !important;}.advgbbtn-d4289f94-4b47-43d2-8f3d-50039bf5b96d{font-size:18px;color:#ffffff !important;background-color:#0693e3 !important;margin:0px 0px 0px 0px !important;padding:10px 30px 10px 30px;border-width:1px !important;border-style:none;border-radius:50px !important;}.advgbbtn-d4289f94-4b47-43d2-8f3d-50039bf5b96d:hover{color:#0693e3 !important;background-color:#8ed1fc !important;box-shadow:1px 1px 12px 0px #abb8c3;opacity:1;transition:all 0.2s ease;}.advgbbtn-d4289f94-4b47-43d2-8f3d-50039bf5b96d > i {display: none !important;}.advgbbtn-5a052723-1f9f-4504-9297-06fec0ce918a{font-size:18px;color:#ffffff !important;background-color:#0693e3 !important;margin:0px 0px 0px 0px !important;padding:10px 30px 10px 30px;border-width:1px !important;border-style:none;border-radius:50px !important;}.advgbbtn-5a052723-1f9f-4504-9297-06fec0ce918a:hover{color:#0693e3 !important;background-color:#8ed1fc !important;box-shadow:1px 1px 12px 0px #abb8c3;opacity:1;transition:all 0.2s ease;}.advgbbtn-5a052723-1f9f-4504-9297-06fec0ce918a > i {display: none !important;}.advgbbtn-5a052723-1f9f-4504-9297-06fec0ce918a{font-size:18px;color:#ffffff !important;background-color:#0693e3 !important;margin:0px 0px 0px 0px !important;padding:10px 30px 10px 30px;border-width:1px !important;border-style:none;border-radius:50px !important;}.advgbbtn-5a052723-1f9f-4504-9297-06fec0ce918a:hover{color:#0693e3 !important;background-color:#8ed1fc !important;box-shadow:1px 1px 12px 0px #abb8c3;opacity:1;transition:all 0.2s ease;}.advgbbtn-5a052723-1f9f-4504-9297-06fec0ce918a > i {display: none !important;}.advgbbtn-673135b4-c20a-4e13-900f-cd1bd6dcfb80{font-size:18px;color:#ffffff !important;background-color:#0693e3 !important;margin:0px 0px 0px 0px !important;padding:10px 30px 10px 30px;border-width:1px !important;border-style:none;border-radius:50px !important;}.advgbbtn-673135b4-c20a-4e13-900f-cd1bd6dcfb80:hover{color:#0693e3 !important;background-color:#8ed1fc !important;box-shadow:1px 1px 12px 0px #abb8c3;opacity:1;transition:all 0.2s ease;}.advgbbtn-673135b4-c20a-4e13-900f-cd1bd6dcfb80 > i {display: none !important;}.advgbbtn-d4289f94-4b47-43d2-8f3d-50039bf5b96d{font-size:18px;color:#ffffff !important;background-color:#0693e3 !important;margin:0px 0px 0px 0px !important;padding:10px 30px 10px 30px;border-width:1px !important;border-style:none;border-radius:50px !important;}.advgbbtn-d4289f94-4b47-43d2-8f3d-50039bf5b96d:hover{color:#0693e3 !important;background-color:#8ed1fc !important;box-shadow:1px 1px 12px 0px #abb8c3;opacity:1;transition:all 0.2s ease;}.advgbbtn-d4289f94-4b47-43d2-8f3d-50039bf5b96d > i {display: none !important;}.advgbbtn-5a052723-1f9f-4504-9297-06fec0ce918a{font-size:18px;color:#ffffff !important;background-color:#0693e3 !important;margin:0px 0px 0px 0px !important;padding:10px 30px 10px 30px;border-width:1px !important;border-style:none;border-radius:50px !important;}.advgbbtn-5a052723-1f9f-4504-9297-06fec0ce918a:hover{color:#0693e3 !important;background-color:#8ed1fc !important;box-shadow:1px 1px 12px 0px #abb8c3;opacity:1;transition:all 0.2s ease;}.advgbbtn-5a052723-1f9f-4504-9297-06fec0ce918a > i {display: none !important;}<\/style><style>.template_11{background:#2980b9;background:linear-gradient(225deg,#2980b9 0,#6dd5fa 50%,#fff 100%);padding:15px;margin:15px;border-radius:40px;border:2px solid #2980b9;font-family:calibri;font-size:13pt;text-align:center}.template_11>div{color:#1a1a1a;display:inline-block;margin:0 30px}.template_11>div>span{font-weight:700;margin-left:10px}.template_11 .icons{color:#1a1a1a;margin-right:5px;font-weight:700}@media (max-width:644px){.template_11>div{margin:0 10px}}@media (max-width:525px){.template_11>div{display:block;margin:0;padding:10px 0;border-bottom:1px solid #2980b9}.template_11>div:last-child{border-bottom:none}}<\/style><style>.apvc_shortcode_ren_683 { text-align:center;} <\/style><div class=\"apvc_shortcode_ren_683 template_11\"><div><img decoding=\"async\" src=\"https:\/\/trektrycy.pl\/wp-content\/plugins\/advanced-page-visit-counter\/public\/images\/eye-icon.png\" class=\"apvc-view-icon\" alt=\"apvc-icon\">Odwiedzin: 16728<\/div><\/div>","protected":false},"excerpt":{"rendered":"<p>Przed wyj\u015bciem na Rota Vicentina us\u0142yszeli\u015bmy na placu w Lagos, jakby specjalnie do nas skierowane: &#8222;I kto m\u00f3wi, \u017ce nie mo\u017cesz tego dokona\u0107?&#8221; Odwiedzin: 16728<\/p>\n","protected":false},"author":1,"featured_media":0,"parent":0,"menu_order":0,"comment_status":"closed","ping_status":"closed","template":"","meta":{"advgb_blocks_editor_width":"large","advgb_blocks_columns_visual_guide":"","footnotes":""},"class_list":["post-65","page","type-page","status-publish","hentry"],"aioseo_notices":[],"coauthors":[],"author_meta":{"author_link":"https:\/\/trektrycy.pl\/?author=1","display_name":"Zbig"},"relative_dates":{"created":"Posted 3 lata ago","modified":"Updated 4 miesi\u0105ce ago"},"absolute_dates":{"created":"Posted on 13\/02\/2023","modified":"Updated on 20\/12\/2025"},"absolute_dates_time":{"created":"Posted on 13\/02\/2023 11:55","modified":"Updated on 20\/12\/2025 14:07"},"featured_img_caption":"","featured_img":false,"series_order":"","_links":{"self":[{"href":"https:\/\/trektrycy.pl\/index.php?rest_route=\/wp\/v2\/pages\/65","targetHints":{"allow":["GET"]}}],"collection":[{"href":"https:\/\/trektrycy.pl\/index.php?rest_route=\/wp\/v2\/pages"}],"about":[{"href":"https:\/\/trektrycy.pl\/index.php?rest_route=\/wp\/v2\/types\/page"}],"author":[{"embeddable":true,"href":"https:\/\/trektrycy.pl\/index.php?rest_route=\/wp\/v2\/users\/1"}],"replies":[{"embeddable":true,"href":"https:\/\/trektrycy.pl\/index.php?rest_route=%2Fwp%2Fv2%2Fcomments&post=65"}],"version-history":[{"count":114,"href":"https:\/\/trektrycy.pl\/index.php?rest_route=\/wp\/v2\/pages\/65\/revisions"}],"predecessor-version":[{"id":13783,"href":"https:\/\/trektrycy.pl\/index.php?rest_route=\/wp\/v2\/pages\/65\/revisions\/13783"}],"wp:attachment":[{"href":"https:\/\/trektrycy.pl\/index.php?rest_route=%2Fwp%2Fv2%2Fmedia&parent=65"}],"curies":[{"name":"wp","href":"https:\/\/api.w.org\/{rel}","templated":true}]}}