{"id":459,"date":"2023-02-23T15:50:35","date_gmt":"2023-02-23T14:50:35","guid":{"rendered":"https:\/\/trektrycy.pl\/?page_id=459"},"modified":"2024-01-31T21:40:57","modified_gmt":"2024-01-31T20:40:57","slug":"camino-portugues","status":"publish","type":"page","link":"https:\/\/trektrycy.pl\/?page_id=459","title":{"rendered":"Cami\u00f1o Portugues"},"content":{"rendered":"\n<p>Przez Portugali\u0119 do Santiago de Compostela w Hiszpanii mo\u017cna p\u00f3j\u015b\u0107 trzema trasami. Punktem wyj\u015bcia jest Lizbona, ale wi\u0119kszo\u015b\u0107 w\u0119drowc\u00f3w zaczyna w Porto. Wyruszaj\u0105c z Lizbony mamy do przej\u015bcia 620 km, z Porto 250 km.<\/p>\n\n\n\n<div class=\"wp-block-advgb-accordions advgb-accordions-52e0962a-b95e-473b-822c-e392d0ceeadd advgb-accordion-wrapper\" data-collapsed=\"true\">\n<div class=\"wp-block-advgb-accordion-item advgb-accordion-item\" style=\"margin-bottom:15px\"><div class=\"advgb-accordion-header\" style=\"background-color:#ff6900;color:#ffffff;border-style:solid;border-width:1px;border-radius:2px\"><span class=\"advgb-accordion-header-icon\"><svg fill=\"#fff\" xmlns=\"http:\/\/www.w3.org\/2000\/svg\" width=\"24\" height=\"24\" viewBox=\"0 0 24 24\"><path fill=\"none\" d=\"M0,0h24v24H0V0z\"><\/path><path d=\"M12,5.83L15.17,9l1.41-1.41L12,3L7.41,7.59L8.83,9L12,5.83z M12,18.17L8.83,15l-1.41,1.41L12,21l4.59-4.59L15.17,15 L12,18.17z\"><\/path><\/svg><\/span><h3 class=\"advgb-accordion-header-title\" style=\"color:inherit\">Kliknij, aby zobaczy\u0107 map\u0119 szlak\u00f3w Cami\u00f1o Portugues<\/h3><\/div><div class=\"advgb-accordion-body\" style=\"border-style:solid !important;border-width:1px !important;border-color:undefined !important;border-top:none !important;border-radius:2px !important\"><div class=\"wp-block-image\">\n<figure data-wp-context=\"{&quot;imageId&quot;:&quot;69fb35238ac16&quot;}\" data-wp-interactive=\"core\/image\" data-wp-key=\"69fb35238ac16\" class=\"aligncenter size-full is-resized wp-lightbox-container\"><img loading=\"lazy\" decoding=\"async\" width=\"796\" height=\"1509\" data-wp-class--hide=\"state.isContentHidden\" data-wp-class--show=\"state.isContentVisible\" data-wp-init=\"callbacks.setButtonStyles\" data-wp-on--click=\"actions.showLightbox\" data-wp-on--load=\"callbacks.setButtonStyles\" data-wp-on-window--resize=\"callbacks.setButtonStyles\" src=\"https:\/\/trektrycy.pl\/wp-content\/uploads\/2024\/01\/IMG_0078.jpg\" alt=\"\" class=\"wp-image-11505\" style=\"width:574px;height:auto\" srcset=\"https:\/\/trektrycy.pl\/wp-content\/uploads\/2024\/01\/IMG_0078.jpg 796w, https:\/\/trektrycy.pl\/wp-content\/uploads\/2024\/01\/IMG_0078-158x300.jpg 158w, https:\/\/trektrycy.pl\/wp-content\/uploads\/2024\/01\/IMG_0078-540x1024.jpg 540w, https:\/\/trektrycy.pl\/wp-content\/uploads\/2024\/01\/IMG_0078-768x1456.jpg 768w, https:\/\/trektrycy.pl\/wp-content\/uploads\/2024\/01\/IMG_0078-32x60.jpg 32w\" sizes=\"auto, (max-width: 796px) 100vw, 796px\" \/><button\n\t\t\tclass=\"lightbox-trigger\"\n\t\t\ttype=\"button\"\n\t\t\taria-haspopup=\"dialog\"\n\t\t\taria-label=\"Powi\u0119ksz\"\n\t\t\tdata-wp-init=\"callbacks.initTriggerButton\"\n\t\t\tdata-wp-on--click=\"actions.showLightbox\"\n\t\t\tdata-wp-style--right=\"state.imageButtonRight\"\n\t\t\tdata-wp-style--top=\"state.imageButtonTop\"\n\t\t>\n\t\t\t<svg xmlns=\"http:\/\/www.w3.org\/2000\/svg\" width=\"12\" height=\"12\" fill=\"none\" viewBox=\"0 0 12 12\">\n\t\t\t\t<path fill=\"#fff\" d=\"M2 0a2 2 0 0 0-2 2v2h1.5V2a.5.5 0 0 1 .5-.5h2V0H2Zm2 10.5H2a.5.5 0 0 1-.5-.5V8H0v2a2 2 0 0 0 2 2h2v-1.5ZM8 12v-1.5h2a.5.5 0 0 0 .5-.5V8H12v2a2 2 0 0 1-2 2H8Zm2-12a2 2 0 0 1 2 2v2h-1.5V2a.5.5 0 0 0-.5-.5H8V0h2Z\" \/>\n\t\t\t<\/svg>\n\t\t<\/button><\/figure>\n<\/div>\n\n\n<div style=\"height:20px\" aria-hidden=\"true\" class=\"wp-block-spacer\"><\/div>\n\n\n\n<p class=\"has-text-align-center has-white-color has-luminous-vivid-orange-background-color has-text-color has-background has-link-color has-small-font-size wp-elements-d4931692cb7084c104252a6871b0c4b7\"><strong>Kliknij pomara\u0144czowy nag\u0142\u00f3wek aby ukry\u0107 map\u0119.<\/strong><\/p>\n<\/div><\/div>\n<\/div>\n\n\n\n<p><\/p>\n\n\n\n<div class=\"wp-block-columns is-layout-flex wp-container-core-columns-is-layout-9d6595d7 wp-block-columns-is-layout-flex\">\n<div class=\"wp-block-column is-layout-flow wp-block-column-is-layout-flow\" style=\"flex-basis:33.33%\"><div class=\"wp-block-image is-style-default\">\n<figure class=\"aligncenter size-full is-resized left-block\"><img loading=\"lazy\" decoding=\"async\" width=\"371\" height=\"1087\" src=\"https:\/\/trektrycy.pl\/wp-content\/uploads\/2024\/01\/Szlak-6.jpg\" alt=\"\" class=\"wp-image-12467\" style=\"width:468px;height:auto\" srcset=\"https:\/\/trektrycy.pl\/wp-content\/uploads\/2024\/01\/Szlak-6.jpg 371w, https:\/\/trektrycy.pl\/wp-content\/uploads\/2024\/01\/Szlak-6-102x300.jpg 102w, https:\/\/trektrycy.pl\/wp-content\/uploads\/2024\/01\/Szlak-6-349x1024.jpg 349w, https:\/\/trektrycy.pl\/wp-content\/uploads\/2024\/01\/Szlak-6-20x60.jpg 20w\" sizes=\"auto, (max-width: 371px) 100vw, 371px\" \/><\/figure>\n<\/div><\/div>\n\n\n\n<div class=\"wp-block-column is-layout-flow wp-block-column-is-layout-flow\" style=\"flex-basis:66.66%\">\n<div class=\"wp-block-buttons is-layout-flex wp-block-buttons-is-layout-flex\">\n<div class=\"wp-block-button has-custom-width wp-block-button__width-100 has-custom-font-size has-small-font-size\"><a class=\"wp-block-button__link has-black-color has-vivid-green-cyan-background-color has-text-color has-background wp-element-button\" href=\"https:\/\/trektrycy.pl\/?page_id=11519\"><strong>Wst\u0119p<\/strong><\/a><\/div>\n\n\n\n<div class=\"wp-block-button has-custom-width wp-block-button__width-100 has-custom-font-size has-small-font-size\"><a class=\"wp-block-button__link has-black-color has-light-green-cyan-background-color has-text-color has-background wp-element-button\" href=\"https:\/\/trektrycy.pl\/?page_id=11526\"><strong>Dzie\u0144 1 i 2: Porto<\/strong><\/a><\/div>\n\n\n\n<div class=\"wp-block-button has-custom-width wp-block-button__width-100 has-custom-font-size has-small-font-size\"><a class=\"wp-block-button__link has-black-color has-vivid-green-cyan-background-color has-text-color has-background wp-element-button\" href=\"https:\/\/trektrycy.pl\/?page_id=11592\"><strong>3: Maia &#8211; Vilarinho, 14 km<\/strong><\/a><\/div>\n\n\n\n<div class=\"wp-block-button has-custom-width wp-block-button__width-100 has-custom-font-size has-small-font-size\"><a class=\"wp-block-button__link has-black-color has-light-green-cyan-background-color has-text-color has-background wp-element-button\" href=\"https:\/\/trektrycy.pl\/?page_id=11618\"><strong>4: Vilarinho &#8211; Rates \/ Sao Felix, 11 km<\/strong><\/a><\/div>\n\n\n\n<div class=\"wp-block-button has-custom-width wp-block-button__width-100 has-custom-font-size has-small-font-size\"><a class=\"wp-block-button__link has-black-color has-vivid-green-cyan-background-color has-text-color has-background wp-element-button\" href=\"https:\/\/trektrycy.pl\/?page_id=11677\"><strong>5: Rates \/ Sao Felix \u2013 Fao, 12 km<\/strong><\/a><\/div>\n\n\n\n<div class=\"wp-block-button has-custom-width wp-block-button__width-100 has-custom-font-size has-small-font-size\"><a class=\"wp-block-button__link has-black-color has-light-green-cyan-background-color has-text-color has-background wp-element-button\" href=\"https:\/\/trektrycy.pl\/?page_id=11710\"><strong>6: Fao \u2013 Viana do Castelo, 23 km<\/strong><\/a><\/div>\n\n\n\n<div class=\"wp-block-button has-custom-width wp-block-button__width-100 has-custom-font-size has-small-font-size\"><a class=\"wp-block-button__link has-black-color has-vivid-green-cyan-background-color has-text-color has-background wp-element-button\" href=\"https:\/\/trektrycy.pl\/?page_id=11778\"><strong>7: Viana do Castelo<\/strong><\/a><\/div>\n\n\n\n<div class=\"wp-block-button has-custom-width wp-block-button__width-100 has-custom-font-size has-small-font-size\"><a class=\"wp-block-button__link has-black-color has-light-green-cyan-background-color has-text-color has-background wp-element-button\" href=\"https:\/\/trektrycy.pl\/?page_id=11855\"><strong>8: Viana do Castelo \u2013 Vila Praia de Ancora, 20 km<\/strong><\/a><\/div>\n\n\n\n<div class=\"wp-block-button has-custom-width wp-block-button__width-100 has-custom-font-size has-small-font-size\"><a class=\"wp-block-button__link has-black-color has-vivid-green-cyan-background-color has-text-color has-background wp-element-button\"><strong>7. Caminha &#8211; Vila Nova de Cevreira, 15 km<\/strong><\/a><\/div>\n\n\n\n<div class=\"wp-block-button has-custom-width wp-block-button__width-100 has-custom-font-size has-small-font-size\"><a class=\"wp-block-button__link has-black-color has-light-green-cyan-background-color has-text-color has-background wp-element-button\"><strong>8. Vila Nova de Cerveira &#8211; Tui, 18 km<\/strong><\/a><\/div>\n\n\n\n<div class=\"wp-block-button has-custom-width wp-block-button__width-100 has-custom-font-size has-small-font-size\"><a class=\"wp-block-button__link has-black-color has-vivid-green-cyan-background-color has-text-color has-background wp-element-button\" href=\"https:\/\/trektrycy.pl\/?page_id=11895\"><strong>9. Vila Praia de \u00c2ncora \u2013 Caminha, 10 km<\/strong><\/a><\/div>\n\n\n\n<div class=\"wp-block-button has-custom-width wp-block-button__width-100 has-custom-font-size has-small-font-size\"><a class=\"wp-block-button__link has-black-color has-light-green-cyan-background-color has-text-color has-background wp-element-button\" href=\"https:\/\/trektrycy.pl\/?page_id=11935\"><strong>10. Caminha \u2013 Vila Nova de Cerveira, 15 km<\/strong><\/a><\/div>\n\n\n\n<div class=\"wp-block-button has-custom-width wp-block-button__width-100 has-custom-font-size has-small-font-size\"><a class=\"wp-block-button__link has-black-color has-vivid-green-cyan-background-color has-text-color has-background wp-element-button\" href=\"https:\/\/trektrycy.pl\/?page_id=11991\"><strong>11: Vila Nova de Cerveira \u2013 Tui, 18 km<\/strong><\/a><\/div>\n\n\n\n<div class=\"wp-block-button has-custom-width wp-block-button__width-100 has-custom-font-size has-small-font-size\"><a class=\"wp-block-button__link has-black-color has-light-green-cyan-background-color has-text-color has-background wp-element-button\" href=\"https:\/\/trektrycy.pl\/?page_id=12048\"><strong>12. Tui \u2013 O Porri\u00f1o, 16 km<\/strong><\/a><\/div>\n\n\n\n<div class=\"wp-block-button has-custom-width wp-block-button__width-100 has-custom-font-size has-small-font-size\"><a class=\"wp-block-button__link has-black-color has-vivid-green-cyan-background-color has-text-color has-background wp-element-button\" href=\"https:\/\/trektrycy.pl\/?page_id=12077\"><strong>13: Porri\u0144o \u2013 Redondela, 16 km<\/strong><\/a><\/div>\n\n\n\n<div class=\"wp-block-button has-custom-width wp-block-button__width-100 has-custom-font-size has-small-font-size\"><a class=\"wp-block-button__link has-black-color has-light-green-cyan-background-color has-text-color has-background wp-element-button\" href=\"https:\/\/trektrycy.pl\/?page_id=12139\"><strong>14: Redondela \u2013 Pontevedra, 19 km<\/strong><\/a><\/div>\n\n\n\n<div class=\"wp-block-button has-custom-width wp-block-button__width-100 has-custom-font-size has-small-font-size\"><a class=\"wp-block-button__link has-black-color has-vivid-green-cyan-background-color has-text-color has-background wp-element-button\" href=\"https:\/\/trektrycy.pl\/?page_id=12189\"><strong>15: Pontevedra<\/strong><\/a><\/div>\n\n\n\n<div class=\"wp-block-button has-custom-width wp-block-button__width-100 has-custom-font-size has-small-font-size\"><a class=\"wp-block-button__link has-black-color has-light-green-cyan-background-color has-text-color has-background wp-element-button\" href=\"https:\/\/trektrycy.pl\/?page_id=12285\"><strong>16: Pontevedra &#8211; Caldas de Reis, 23 km<\/strong><\/a><\/div>\n\n\n\n<div class=\"wp-block-button has-custom-width wp-block-button__width-100 has-custom-font-size has-small-font-size\"><a class=\"wp-block-button__link has-black-color has-vivid-green-cyan-background-color has-text-color has-background wp-element-button\" href=\"https:\/\/trektrycy.pl\/?page_id=12324\"><strong>17: Caldas de Reis &#8211; Padr\u00f3n, 19 km<\/strong><\/a><\/div>\n\n\n\n<div class=\"wp-block-button has-custom-width wp-block-button__width-100 has-custom-font-size has-small-font-size\"><a class=\"wp-block-button__link has-black-color has-light-green-cyan-background-color has-text-color has-background wp-element-button\" href=\"https:\/\/trektrycy.pl\/?page_id=12381\"><strong>18: Padron \u2013 O Faramello, 12 km<\/strong><\/a><\/div>\n\n\n\n<div class=\"wp-block-button has-custom-width wp-block-button__width-100 has-custom-font-size has-small-font-size\"><a class=\"wp-block-button__link has-black-color has-vivid-green-cyan-background-color has-text-color has-background wp-element-button\" href=\"https:\/\/trektrycy.pl\/?page_id=12399\"><strong>19: O Faramello &#8211; Santiago de Compostela<\/strong><\/a><\/div>\n\n\n\n<div class=\"wp-block-button has-custom-width wp-block-button__width-100 has-custom-font-size has-small-font-size\"><a class=\"wp-block-button__link has-black-color has-light-green-cyan-background-color has-text-color has-background wp-element-button\" href=\"https:\/\/trektrycy.pl\/?page_id=12432\"><strong>20, 21: Santiago de Compostela, Finisterra, Muxia<\/strong><\/a><\/div>\n<\/div>\n\n\n\n<div style=\"height:50px\" aria-hidden=\"true\" class=\"wp-block-spacer\"><\/div>\n<\/div>\n<\/div>\n\n\n\n<div class=\"wp-block-buttons is-layout-flex wp-block-buttons-is-layout-flex\">\n<div class=\"wp-block-button has-custom-width wp-block-button__width-50\"><a class=\"wp-block-button__link has-white-color has-vivid-cyan-blue-background-color has-text-color has-background wp-element-button\" href=\"https:\/\/trektrycy.pl\/?page_id=173\">Portugalia<\/a><\/div>\n\n\n\n<div class=\"wp-block-button has-custom-width wp-block-button__width-50\"><a class=\"wp-block-button__link has-white-color has-vivid-cyan-blue-background-color has-text-color has-background wp-element-button\" href=\"https:\/\/trektrycy.pl\/\">Strona g\u0142\u00f3wna<\/a><\/div>\n<\/div>\n\n\n\n<div style=\"height:50px\" aria-hidden=\"true\" class=\"wp-block-spacer\"><\/div>\n<style>.template_11{background:#2980b9;background:linear-gradient(225deg,#2980b9 0,#6dd5fa 50%,#fff 100%);padding:15px;margin:15px;border-radius:40px;border:2px solid #2980b9;font-family:calibri;font-size:13pt;text-align:center}.template_11>div{color:#1a1a1a;display:inline-block;margin:0 30px}.template_11>div>span{font-weight:700;margin-left:10px}.template_11 .icons{color:#1a1a1a;margin-right:5px;font-weight:700}@media (max-width:644px){.template_11>div{margin:0 10px}}@media (max-width:525px){.template_11>div{display:block;margin:0;padding:10px 0;border-bottom:1px solid #2980b9}.template_11>div:last-child{border-bottom:none}}<\/style><style>.apvc_shortcode_ren_5458 { text-align:center;} <\/style><div class=\"apvc_shortcode_ren_5458 template_11\"><div><img decoding=\"async\" src=\"https:\/\/trektrycy.pl\/wp-content\/plugins\/advanced-page-visit-counter\/public\/images\/eye-icon.png\" class=\"apvc-view-icon\" alt=\"apvc-icon\">Odwiedzin: 16995<\/div><\/div>","protected":false},"excerpt":{"rendered":"<p>Przez Portugali\u0119 do Santiago de Compostela w Hiszpanii mo\u017cna p\u00f3j\u015b\u0107 trzema trasami. Punktem wyj\u015bcia jest Lizbona, ale wi\u0119kszo\u015b\u0107 w\u0119drowc\u00f3w zaczyna w Porto. Wyruszaj\u0105c z Lizbony &hellip; <\/p>\n","protected":false},"author":1,"featured_media":0,"parent":173,"menu_order":1,"comment_status":"closed","ping_status":"closed","template":"","meta":{"advgb_blocks_editor_width":"","advgb_blocks_columns_visual_guide":"","footnotes":""},"class_list":["post-459","page","type-page","status-publish","hentry"],"aioseo_notices":[],"coauthors":[],"author_meta":{"author_link":"https:\/\/trektrycy.pl\/?author=1","display_name":"Zbig"},"relative_dates":{"created":"Opublikowano 3 lata temu","modified":"Zaktualizowano 2 lata temu"},"absolute_dates":{"created":"Opublikowano 23\/02\/2023","modified":"Zaktualizowano 31\/01\/2024"},"absolute_dates_time":{"created":"Opublikowano 23\/02\/2023 15:50","modified":"Zaktualizowano 31\/01\/2024 21:40"},"featured_img_caption":"","featured_img":false,"series_order":"","_links":{"self":[{"href":"https:\/\/trektrycy.pl\/index.php?rest_route=\/wp\/v2\/pages\/459","targetHints":{"allow":["GET"]}}],"collection":[{"href":"https:\/\/trektrycy.pl\/index.php?rest_route=\/wp\/v2\/pages"}],"about":[{"href":"https:\/\/trektrycy.pl\/index.php?rest_route=\/wp\/v2\/types\/page"}],"author":[{"embeddable":true,"href":"https:\/\/trektrycy.pl\/index.php?rest_route=\/wp\/v2\/users\/1"}],"replies":[{"embeddable":true,"href":"https:\/\/trektrycy.pl\/index.php?rest_route=%2Fwp%2Fv2%2Fcomments&post=459"}],"version-history":[{"count":102,"href":"https:\/\/trektrycy.pl\/index.php?rest_route=\/wp\/v2\/pages\/459\/revisions"}],"predecessor-version":[{"id":12503,"href":"https:\/\/trektrycy.pl\/index.php?rest_route=\/wp\/v2\/pages\/459\/revisions\/12503"}],"up":[{"embeddable":true,"href":"https:\/\/trektrycy.pl\/index.php?rest_route=\/wp\/v2\/pages\/173"}],"wp:attachment":[{"href":"https:\/\/trektrycy.pl\/index.php?rest_route=%2Fwp%2Fv2%2Fmedia&parent=459"}],"curies":[{"name":"wp","href":"https:\/\/api.w.org\/{rel}","templated":true}]}}