{"id":138,"date":"2023-02-15T10:49:55","date_gmt":"2023-02-15T09:49:55","guid":{"rendered":"https:\/\/trektrycy.pl\/?page_id=138"},"modified":"2025-12-15T23:27:11","modified_gmt":"2025-12-15T22:27:11","slug":"138-2","status":"publish","type":"page","link":"https:\/\/trektrycy.pl\/?page_id=138","title":{"rendered":"I kto m\u00f3wi, \u017ce nie mo\u017cesz tego dokona\u0107?!"},"content":{"rendered":"\n<p><\/p>\n\n\n\n<p>Mieli\u015bmy troch\u0119 obaw przed wyruszeniem na Rota Vicentina w Portugalii, a dok\u0142adniej &#8211; na jej fragment zwany Drog\u0105 Rybak\u00f3w. Jak to zwykle podczas w\u0119dr\u00f3wki morskim wybrze\u017cem: idziemy wierzcho\u0142kiem klifu, schodzimy w d\u00f3\u0142 do wioski lub miasteczka, a potem zn\u00f3w do g\u00f3ry, cz\u0119sto po stromych \u015bcie\u017ckach. Do tego wiemy, \u017ce \u015bcie\u017cki na klifach pokryte s\u0105 grz\u0105skim piaskiem. Plecaki dosy\u0107 ci\u0119\u017ckie, bo niesiemy namiot, materace, \u015bpiwory.<\/p>\n\n\n\n<p>W przededniu wyj\u015bcia na tras\u0119 trafiamy na rynek Lagos, gdzie produkuj\u0105 si\u0119 uliczni arty\u015bci. Solista \u015bpiewa piosenk\u0119 jakby specjalnie do nas skierowan\u0105: &#8222;Who says you can&#8217;t do it?&#8221; &#8211; &#8222;I kto m\u00f3wi, \u017ce nie mo\u017cesz tego dokona\u0107?&#8221;. <\/p>\n\n\n\n<p>Bardzo podniesieni na duchu udali\u015bmy si\u0119 na kraftowe piwo do pobliskiego pubu, a piosenka sta\u0142a si\u0119 hymnem naszych w\u0119dr\u00f3wek.<\/p>\n\n\n\n<p>&#8222;I kto m\u00f3wi, \u017ce nie mo\u017cesz tego dokona\u0107?&#8221;<\/p>\n\n\n<div class=\"align wp-block-vpb-video\" id='vpbVideoPlayer-1' data-attributes='{&quot;source&quot;:&quot;https:\\\/\\\/trektrycy.pl\\\/wp-content\\\/uploads\\\/2023\\\/02\\\/Who-says-small.mp4&quot;,&quot;controls&quot;:{&quot;play-large&quot;:true,&quot;restart&quot;:true,&quot;rewind&quot;:false,&quot;play&quot;:true,&quot;fast-forward&quot;:false,&quot;progress&quot;:false,&quot;current-time&quot;:true,&quot;duration&quot;:true,&quot;mute&quot;:true,&quot;volume&quot;:true,&quot;pip&quot;:false,&quot;airplay&quot;:false,&quot;settings&quot;:false,&quot;download&quot;:false,&quot;fullscreen&quot;:true},&quot;radius&quot;:&quot;10px&quot;,&quot;align&quot;:&quot;&quot;,&quot;poster&quot;:&quot;&quot;,&quot;width&quot;:&quot;100%&quot;,&quot;repeat&quot;:false,&quot;autoplay&quot;:false,&quot;muted&quot;:false,&quot;resetOnEnd&quot;:false,&quot;autoHideControl&quot;:true,&quot;advgbBlockControls&quot;:[]}'><\/div>\n\n\n<div style=\"height:30px\" aria-hidden=\"true\" class=\"wp-block-spacer\"><\/div>\n\n\n\n<div class=\"wp-block-buttons is-layout-flex wp-block-buttons-is-layout-flex\">\n<div class=\"wp-block-button has-custom-width wp-block-button__width-100\"><a class=\"wp-block-button__link has-white-color has-vivid-cyan-blue-background-color has-text-color has-background has-link-color has-text-align-center wp-element-button\" href=\"https:\/\/trektrycy.pl\/\">Powr\u00f3t<\/a><\/div>\n<\/div>\n\n\n\n<div style=\"height:20px\" aria-hidden=\"true\" class=\"wp-block-spacer\"><\/div>\n\n\n\n<div style=\"height:50px\" aria-hidden=\"true\" class=\"wp-block-spacer\"><\/div>\n\n\n\n<p><\/p>\n<style>.template_11{background:#2980b9;background:linear-gradient(225deg,#2980b9 0,#6dd5fa 50%,#fff 100%);padding:15px;margin:15px;border-radius:40px;border:2px solid #2980b9;font-family:calibri;font-size:13pt;text-align:center}.template_11>div{color:#1a1a1a;display:inline-block;margin:0 30px}.template_11>div>span{font-weight:700;margin-left:10px}.template_11 .icons{color:#1a1a1a;margin-right:5px;font-weight:700}@media (max-width:644px){.template_11>div{margin:0 10px}}@media (max-width:525px){.template_11>div{display:block;margin:0;padding:10px 0;border-bottom:1px solid #2980b9}.template_11>div:last-child{border-bottom:none}}<\/style><style>.apvc_shortcode_ren_2013 { text-align:center;} <\/style><div class=\"apvc_shortcode_ren_2013 template_11\"><div><img decoding=\"async\" src=\"https:\/\/trektrycy.pl\/wp-content\/plugins\/advanced-page-visit-counter\/public\/images\/eye-icon.png\" class=\"apvc-view-icon\" alt=\"apvc-icon\">Odwiedzin: 16728<\/div><\/div>","protected":false},"excerpt":{"rendered":"<p>Mieli\u015bmy troch\u0119 obaw przed wyruszeniem na Rota Vicentina w Portugalii, a dok\u0142adniej &#8211; na jej fragment zwany Drog\u0105 Rybak\u00f3w. Jak to zwykle podczas w\u0119dr\u00f3wki morskim &hellip; <\/p>\n","protected":false},"author":1,"featured_media":0,"parent":0,"menu_order":0,"comment_status":"closed","ping_status":"closed","template":"","meta":{"advgb_blocks_editor_width":"","advgb_blocks_columns_visual_guide":"","footnotes":""},"class_list":["post-138","page","type-page","status-publish","hentry"],"aioseo_notices":[],"coauthors":[],"author_meta":{"author_link":"https:\/\/trektrycy.pl\/?author=1","display_name":"Zbig"},"relative_dates":{"created":"Posted 3 lata ago","modified":"Updated 4 miesi\u0105ce ago"},"absolute_dates":{"created":"Posted on 15\/02\/2023","modified":"Updated on 15\/12\/2025"},"absolute_dates_time":{"created":"Posted on 15\/02\/2023 10:49","modified":"Updated on 15\/12\/2025 23:27"},"featured_img_caption":"","featured_img":false,"series_order":"","_links":{"self":[{"href":"https:\/\/trektrycy.pl\/index.php?rest_route=\/wp\/v2\/pages\/138","targetHints":{"allow":["GET"]}}],"collection":[{"href":"https:\/\/trektrycy.pl\/index.php?rest_route=\/wp\/v2\/pages"}],"about":[{"href":"https:\/\/trektrycy.pl\/index.php?rest_route=\/wp\/v2\/types\/page"}],"author":[{"embeddable":true,"href":"https:\/\/trektrycy.pl\/index.php?rest_route=\/wp\/v2\/users\/1"}],"replies":[{"embeddable":true,"href":"https:\/\/trektrycy.pl\/index.php?rest_route=%2Fwp%2Fv2%2Fcomments&post=138"}],"version-history":[{"count":50,"href":"https:\/\/trektrycy.pl\/index.php?rest_route=\/wp\/v2\/pages\/138\/revisions"}],"predecessor-version":[{"id":13383,"href":"https:\/\/trektrycy.pl\/index.php?rest_route=\/wp\/v2\/pages\/138\/revisions\/13383"}],"wp:attachment":[{"href":"https:\/\/trektrycy.pl\/index.php?rest_route=%2Fwp%2Fv2%2Fmedia&parent=138"}],"curies":[{"name":"wp","href":"https:\/\/api.w.org\/{rel}","templated":true}]}}