    {"id":12432,"date":"2024-01-31T21:17:07","date_gmt":"2024-01-31T20:17:07","guid":{"rendered":"https:\/\/trektrycy.pl\/?page_id=12432"},"modified":"2024-02-01T16:24:57","modified_gmt":"2024-02-01T15:24:57","slug":"dzien-20-21-santiago-de-compostela-wyjazd-do-finisterra-i-muxia","status":"publish","type":"page","link":"https:\/\/trektrycy.pl\/?page_id=12432","title":{"rendered":"Dzie\u0144 20, 21: Santiago de Compostela, wyjazd do Finisterra i Muxia"},"content":{"rendered":"\n<p>Wykupujemy wycieczk\u0119 busem do Muxia i Finisterra. Drogo, ale nie ma jak na w\u0142asn\u0105 r\u0119k\u0119 tam dojecha\u0107. Mo\u017cna przej\u015b\u0107 te drobne 90 km, jak si\u0119 ma czas.<\/p>\n\n\n<div id=\"slider_69fb4c6c6f5f9\" class=\"slider_instance\" style=\"position: relative;\" data-options=\"{&quot;id&quot;:79,&quot;name&quot;:&quot;slider 79&quot;,&quot;instanceName&quot;:&quot;Fisterra&quot;,&quot;date&quot;:&quot;2024-02-01 15:55:01&quot;,&quot;status&quot;:&quot;published&quot;,&quot;layerWidth&quot;:&quot;100%&quot;,&quot;layerHeight&quot;:&quot;100%&quot;,&quot;shadow&quot;:&quot;effect3&quot;,&quot;lightboxMode&quot;:[],&quot;lightboxModeMobile&quot;:[],&quot;lightboxModeTablet&quot;:[],&quot;mode&quot;:&quot;webgl&quot;,&quot;initialSlide&quot;:&quot;0&quot;,&quot;grabCursor&quot;:true,&quot;stopOnLastSlide&quot;:false,&quot;showSlidesRandomOrder&quot;:false,&quot;preloadFirstSlide&quot;:false,&quot;width&quot;:&quot;1000&quot;,&quot;height&quot;:&quot;550&quot;,&quot;responsive&quot;:true,&quot;ratio&quot;:&quot;2&quot;,&quot;forceResponsive&quot;:false,&quot;fullscreen&quot;:false,&quot;layerStarOnTransitionStart&quot;:false,&quot;autoplay&quot;:{&quot;enable&quot;:true,&quot;delay&quot;:3000,&quot;progress&quot;:false,&quot;pauseOnHover&quot;:true,&quot;reverseDirection&quot;:false},&quot;buttons&quot;:{&quot;pauseVisible&quot;:false,&quot;muteVisible&quot;:false},&quot;resetVideos&quot;:false,&quot;videoAutoplay&quot;:true,&quot;navigation&quot;:{&quot;enable&quot;:true,&quot;style&quot;:&quot;effect4&quot;},&quot;keyboard&quot;:{&quot;enable&quot;:true},&quot;wheelNavigation&quot;:{&quot;enable&quot;:false,&quot;stopOnLast&quot;:false,&quot;interval&quot;:2000},&quot;pagination&quot;:{&quot;enable&quot;:true,&quot;style&quot;:&quot;effect2&quot;,&quot;clickable&quot;:true,&quot;dynamicBullets&quot;:false},&quot;thumbs&quot;:{&quot;enable&quot;:false,&quot;position&quot;:&quot;bottom&quot;,&quot;thumbWidth&quot;:&quot;100&quot;,&quot;thumbHeight&quot;:&quot;60&quot;,&quot;spaceAround&quot;:&quot;3&quot;,&quot;spaceBetween&quot;:&quot;3&quot;,&quot;outsideSlider&quot;:true,&quot;centered&quot;:true},&quot;hashNavigation&quot;:{&quot;enable&quot;:false},&quot;loading&quot;:{&quot;fadeEffect&quot;:true,&quot;backgroundColor&quot;:&quot;#FFFFFF&quot;,&quot;color&quot;:&quot;#262626&quot;,&quot;style&quot;:&quot;style2&quot;},&quot;lightbox&quot;:{&quot;backgroundColor&quot;:&quot;#000000F2&quot;,&quot;closeColor&quot;:&quot;#FFFFFF&quot;},&quot;slides&quot;:[{&quot;src&quot;:&quot;https:\\\/\\\/trektrycy.pl\\\/wp-content\\\/uploads\\\/2024\\\/02\\\/IMG_0713.jpg&quot;,&quot;thumbSrc&quot;:&quot;https:\\\/\\\/trektrycy.pl\\\/wp-content\\\/uploads\\\/2024\\\/02\\\/IMG_0713-300x225.jpg&quot;},{&quot;src&quot;:&quot;https:\\\/\\\/trektrycy.pl\\\/wp-content\\\/uploads\\\/2024\\\/02\\\/IMG_0717.jpg&quot;,&quot;thumbSrc&quot;:&quot;https:\\\/\\\/trektrycy.pl\\\/wp-content\\\/uploads\\\/2024\\\/02\\\/IMG_0717-300x225.jpg&quot;},{&quot;src&quot;:&quot;https:\\\/\\\/trektrycy.pl\\\/wp-content\\\/uploads\\\/2024\\\/02\\\/IMG_0720.jpg&quot;,&quot;thumbSrc&quot;:&quot;https:\\\/\\\/trektrycy.pl\\\/wp-content\\\/uploads\\\/2024\\\/02\\\/IMG_0720-300x225.jpg&quot;},{&quot;src&quot;:&quot;https:\\\/\\\/trektrycy.pl\\\/wp-content\\\/uploads\\\/2024\\\/02\\\/IMG_0738.jpg&quot;,&quot;thumbSrc&quot;:&quot;https:\\\/\\\/trektrycy.pl\\\/wp-content\\\/uploads\\\/2024\\\/02\\\/IMG_0738-300x225.jpg&quot;},{&quot;src&quot;:&quot;https:\\\/\\\/trektrycy.pl\\\/wp-content\\\/uploads\\\/2024\\\/02\\\/IMG_0736.jpg&quot;,&quot;thumbSrc&quot;:&quot;https:\\\/\\\/trektrycy.pl\\\/wp-content\\\/uploads\\\/2024\\\/02\\\/IMG_0736-300x225.jpg&quot;},{&quot;src&quot;:&quot;https:\\\/\\\/trektrycy.pl\\\/wp-content\\\/uploads\\\/2024\\\/02\\\/IMG_0733.jpg&quot;,&quot;thumbSrc&quot;:&quot;https:\\\/\\\/trektrycy.pl\\\/wp-content\\\/uploads\\\/2024\\\/02\\\/IMG_0733-300x225.jpg&quot;},{&quot;src&quot;:&quot;https:\\\/\\\/trektrycy.pl\\\/wp-content\\\/uploads\\\/2024\\\/02\\\/IMG_0722-2.jpg&quot;,&quot;thumbSrc&quot;:&quot;https:\\\/\\\/trektrycy.pl\\\/wp-content\\\/uploads\\\/2024\\\/02\\\/IMG_0722-2-300x225.jpg&quot;}],&quot;rootFolder&quot;:&quot;https:\\\/\\\/trektrycy.pl\\\/wp-content\\\/plugins\\\/transition-slider-lite\\\/&quot;}\"><\/div>\n\n\n\n<div style=\"height:30px\" aria-hidden=\"true\" class=\"wp-block-spacer\"><\/div>\n\n\n\n<p class=\"has-text-align-center\"><strong>Koniec Ziemi. Kilometr zero.<\/strong><\/p>\n\n\n\n<p><\/p>\n\n\n\n<div style=\"height:50px\" aria-hidden=\"true\" class=\"wp-block-spacer\"><\/div>\n\n\n\n<div class=\"wp-block-buttons is-content-justification-space-between is-layout-flex wp-container-core-buttons-is-layout-3d213aab wp-block-buttons-is-layout-flex\">\n<div class=\"wp-block-button\"><a class=\"wp-block-button__link has-white-color has-vivid-cyan-blue-background-color has-text-color has-background has-link-color wp-element-button\" href=\"https:\/\/trektrycy.pl\/?page_id=12399\"><strong>&lt;&lt; O Faramello &#8211; Santiago de Compostela<\/strong><\/a><\/div>\n\n\n\n<div class=\"wp-block-button\"><a class=\"wp-block-button__link has-white-color has-vivid-cyan-blue-background-color has-text-color has-background has-link-color wp-element-button\" href=\"https:\/\/trektrycy.pl\/?page_id=459\">Camino Portugues<\/a><\/div>\n\n\n\n<div class=\"wp-block-button\"><a class=\"wp-block-button__link has-white-color has-vivid-cyan-blue-background-color has-text-color has-background has-link-color wp-element-button\" href=\"https:\/\/trektrycy.pl\/\"><strong>Strona g\u0142\u00f3wna<\/strong><\/a><\/div>\n<\/div>\n\n\n\n<div style=\"height:50px\" aria-hidden=\"true\" class=\"wp-block-spacer\"><\/div>\n<style>.template_11{background:#2980b9;background:linear-gradient(225deg,#2980b9 0,#6dd5fa 50%,#fff 100%);padding:15px;margin:15px;border-radius:40px;border:2px solid #2980b9;font-family:calibri;font-size:13pt;text-align:center}.template_11>div{color:#1a1a1a;display:inline-block;margin:0 30px}.template_11>div>span{font-weight:700;margin-left:10px}.template_11 .icons{color:#1a1a1a;margin-right:5px;font-weight:700}@media (max-width:644px){.template_11>div{margin:0 10px}}@media (max-width:525px){.template_11>div{display:block;margin:0;padding:10px 0;border-bottom:1px solid #2980b9}.template_11>div:last-child{border-bottom:none}}<\/style><style>.apvc_shortcode_ren_4006 { text-align:center;} <\/style><div class=\"apvc_shortcode_ren_4006 template_11\"><div><img decoding=\"async\" src=\"https:\/\/trektrycy.pl\/wp-content\/plugins\/advanced-page-visit-counter\/public\/images\/eye-icon.png\" class=\"apvc-view-icon\" alt=\"apvc-icon\">Odwiedzin: 16996<\/div><\/div>","protected":false},"excerpt":{"rendered":"<p>Wykupujemy wycieczk\u0119 busem do Muxia i Finisterra. Drogo, ale nie ma jak na w\u0142asn\u0105 r\u0119k\u0119 tam dojecha\u0107. Mo\u017cna przej\u015b\u0107 te drobne 90 km, jak si\u0119 &hellip; <\/p>\n","protected":false},"author":1,"featured_media":0,"parent":459,"menu_order":20,"comment_status":"closed","ping_status":"closed","template":"","meta":{"advgb_blocks_editor_width":"","advgb_blocks_columns_visual_guide":"","footnotes":""},"class_list":["post-12432","page","type-page","status-publish","hentry"],"aioseo_notices":[],"coauthors":[],"author_meta":{"author_link":"https:\/\/trektrycy.pl\/?author=1","display_name":"Zbig"},"relative_dates":{"created":"Opublikowano 2 lata temu","modified":"Zaktualizowano 2 lata temu"},"absolute_dates":{"created":"Opublikowano 31\/01\/2024","modified":"Zaktualizowano 01\/02\/2024"},"absolute_dates_time":{"created":"Opublikowano 31\/01\/2024 21:17","modified":"Zaktualizowano 01\/02\/2024 16:24"},"featured_img_caption":"","featured_img":false,"series_order":"","_links":{"self":[{"href":"https:\/\/trektrycy.pl\/index.php?rest_route=\/wp\/v2\/pages\/12432","targetHints":{"allow":["GET"]}}],"collection":[{"href":"https:\/\/trektrycy.pl\/index.php?rest_route=\/wp\/v2\/pages"}],"about":[{"href":"https:\/\/trektrycy.pl\/index.php?rest_route=\/wp\/v2\/types\/page"}],"author":[{"embeddable":true,"href":"https:\/\/trektrycy.pl\/index.php?rest_route=\/wp\/v2\/users\/1"}],"replies":[{"embeddable":true,"href":"https:\/\/trektrycy.pl\/index.php?rest_route=%2Fwp%2Fv2%2Fcomments&post=12432"}],"version-history":[{"count":9,"href":"https:\/\/trektrycy.pl\/index.php?rest_route=\/wp\/v2\/pages\/12432\/revisions"}],"predecessor-version":[{"id":12494,"href":"https:\/\/trektrycy.pl\/index.php?rest_route=\/wp\/v2\/pages\/12432\/revisions\/12494"}],"up":[{"embeddable":true,"href":"https:\/\/trektrycy.pl\/index.php?rest_route=\/wp\/v2\/pages\/459"}],"wp:attachment":[{"href":"https:\/\/trektrycy.pl\/index.php?rest_route=%2Fwp%2Fv2%2Fmedia&parent=12432"}],"curies":[{"name":"wp","href":"https:\/\/api.w.org\/{rel}","templated":true}]}}