{"id":12381,"date":"2024-01-31T00:28:29","date_gmt":"2024-01-30T23:28:29","guid":{"rendered":"https:\/\/trektrycy.pl\/?page_id=12381"},"modified":"2024-01-31T20:37:10","modified_gmt":"2024-01-31T19:37:10","slug":"dzien-18-padron-o-faramello-12-km","status":"publish","type":"page","link":"https:\/\/trektrycy.pl\/?page_id=12381","title":{"rendered":"Dzie\u0144 18: Padron \u2013 O Faramello, 12 km"},"content":{"rendered":"\n<p>Musimy ten ostatni odcinek podzieli\u0107, bo rezerwacj\u0119 nocleg\u00f3w w Santiago de Compostela mamy dopiero od jutra. Rezerwacje robili\u015bmy jeszcze w domu, przed wyjazdem no i przeliczyli\u015bmy si\u0119 o jeden dzie\u0144. Ale to nic, b\u0119dziemy w Santiago przed po\u0142udniem, zd\u0105\u017cymy na msz\u0119 dla pielgrzym\u00f3w w katedrze w samo po\u0142udnie i potem b\u0119dziemy mieli wi\u0119kszo\u015b\u0107 dnia na zwiedzanie i odstanie kolejki po <em>compostel\u0119<\/em>.<\/p>\n\n\n\n<p>Wyruszamy z Padr\u00f3n, przechodzimy przez dzielnic\u0119 Iria Flavia. Do dzi\u015b zachowa\u0142a si\u0119 tu kolegiata Santa Mar\u00eda, oryginalnie z XIII wieku.<\/p>\n\n\n<div class=\"wp-block-image\">\n<figure data-wp-context=\"{&quot;imageId&quot;:&quot;69fb469edbc31&quot;}\" data-wp-interactive=\"core\/image\" data-wp-key=\"69fb469edbc31\" class=\"aligncenter size-large is-resized wp-lightbox-container\"><img loading=\"lazy\" decoding=\"async\" width=\"1024\" height=\"579\" data-wp-class--hide=\"state.isContentHidden\" data-wp-class--show=\"state.isContentVisible\" data-wp-init=\"callbacks.setButtonStyles\" data-wp-on--click=\"actions.showLightbox\" data-wp-on--load=\"callbacks.setButtonStyles\" data-wp-on-window--resize=\"callbacks.setButtonStyles\" src=\"https:\/\/trektrycy.pl\/wp-content\/uploads\/2024\/01\/Kolegiata-2-1024x579.jpg\" alt=\"\" class=\"wp-image-12392\" style=\"width:750px\" srcset=\"https:\/\/trektrycy.pl\/wp-content\/uploads\/2024\/01\/Kolegiata-2-1024x579.jpg 1024w, https:\/\/trektrycy.pl\/wp-content\/uploads\/2024\/01\/Kolegiata-2-300x170.jpg 300w, https:\/\/trektrycy.pl\/wp-content\/uploads\/2024\/01\/Kolegiata-2-768x434.jpg 768w, https:\/\/trektrycy.pl\/wp-content\/uploads\/2024\/01\/Kolegiata-2-106x60.jpg 106w, https:\/\/trektrycy.pl\/wp-content\/uploads\/2024\/01\/Kolegiata-2.jpg 1200w\" sizes=\"auto, (max-width: 1024px) 100vw, 1024px\" \/><button\n\t\t\tclass=\"lightbox-trigger\"\n\t\t\ttype=\"button\"\n\t\t\taria-haspopup=\"dialog\"\n\t\t\taria-label=\"Powi\u0119ksz\"\n\t\t\tdata-wp-init=\"callbacks.initTriggerButton\"\n\t\t\tdata-wp-on--click=\"actions.showLightbox\"\n\t\t\tdata-wp-style--right=\"state.imageButtonRight\"\n\t\t\tdata-wp-style--top=\"state.imageButtonTop\"\n\t\t>\n\t\t\t<svg xmlns=\"http:\/\/www.w3.org\/2000\/svg\" width=\"12\" height=\"12\" fill=\"none\" viewBox=\"0 0 12 12\">\n\t\t\t\t<path fill=\"#fff\" d=\"M2 0a2 2 0 0 0-2 2v2h1.5V2a.5.5 0 0 1 .5-.5h2V0H2Zm2 10.5H2a.5.5 0 0 1-.5-.5V8H0v2a2 2 0 0 0 2 2h2v-1.5ZM8 12v-1.5h2a.5.5 0 0 0 .5-.5V8H12v2a2 2 0 0 1-2 2H8Zm2-12a2 2 0 0 1 2 2v2h-1.5V2a.5.5 0 0 0-.5-.5H8V0h2Z\" \/>\n\t\t\t<\/svg>\n\t\t<\/button><\/figure>\n<\/div>\n\n\n<div style=\"height:20px\" aria-hidden=\"true\" class=\"wp-block-spacer\"><\/div>\n\n\n\n<p>Interesuj\u0105cy gotycki portal wej\u015bciowy z pi\u0119kn\u0105 p\u0142askorze\u017ab\u0105.<\/p>\n\n\n\n<p>W dolinie rzeki Sar przechodzimy przez tradycyjne ma\u0142e wioski. Sporo wchodzenia pod g\u00f3r\u0119.<\/p>\n\n\n\n<p>Jedna z wiosek nazywa si\u0119 <em>A Escravitude<\/em> czyli Niewola. Ciekawe, szukam dlaczego. Jest legenda \u2013 by\u0142o tu \u201efonte santa\u201d \u2013 \u015bwi\u0119te \u017ar\u00f3d\u0142o, do kt\u00f3rego leczniczych w\u00f3d przybywali chorzy. W 1732 roku, chory pielgrzym, przechodz\u0105c obok \u017ar\u00f3d\u0142a, b\u0142aga\u0142 o uzdrowienie. &nbsp;Zatrzyma\u0142 si\u0119 tu i trzeciego dnia poczu\u0142 si\u0119 uzdrowiony. &nbsp;Zawo\u0142a\u0142 wtedy \u201e<em>Dzi\u0119kuj\u0119 Dziewico, za wybawienie mnie z niewoli choroby<\/em>\u201d. Chyba mo\u017cna by\u0142o nazwa\u0107 to miejsce \u0142adniej, np. Krynica Zdr\u00f3j.<\/p>\n\n\n\n<p>W pewnym momencie s\u0142yszymy, \u017ce kto\u015b nas wo\u0142a. Biegnie za nami jedna ze spotkanych wcze\u015bniej Bu\u0142garek \u2013 przegapili\u015bmy albergue, do nast\u0119pnego daleko. Dzi\u0119kujemy mi\u0142ej dziewczynie i zawracamy do albergue La Calabaza del Peregrino w O Faramello.<\/p>\n\n\n\n<p>Stary kamienny dom z drewnianymi sufitami.<\/p>\n\n\n\n<p>Na dole jest bar z podstawowym menu jak tortilla czy pizza. Rano mo\u017cna zje\u015b\u0107 \u015bniadanie.<\/p>\n\n\n<div class=\"wp-block-image\">\n<figure data-wp-context=\"{&quot;imageId&quot;:&quot;69fb469edcbb8&quot;}\" data-wp-interactive=\"core\/image\" data-wp-key=\"69fb469edcbb8\" class=\"aligncenter size-large is-resized wp-lightbox-container\"><img loading=\"lazy\" decoding=\"async\" width=\"1024\" height=\"768\" data-wp-class--hide=\"state.isContentHidden\" data-wp-class--show=\"state.isContentVisible\" data-wp-init=\"callbacks.setButtonStyles\" data-wp-on--click=\"actions.showLightbox\" data-wp-on--load=\"callbacks.setButtonStyles\" data-wp-on-window--resize=\"callbacks.setButtonStyles\" src=\"https:\/\/trektrycy.pl\/wp-content\/uploads\/2024\/01\/IMG_0640-1024x768.jpg\" alt=\"\" class=\"wp-image-12393\" style=\"width:750px\" srcset=\"https:\/\/trektrycy.pl\/wp-content\/uploads\/2024\/01\/IMG_0640-1024x768.jpg 1024w, https:\/\/trektrycy.pl\/wp-content\/uploads\/2024\/01\/IMG_0640-300x225.jpg 300w, https:\/\/trektrycy.pl\/wp-content\/uploads\/2024\/01\/IMG_0640-768x576.jpg 768w, https:\/\/trektrycy.pl\/wp-content\/uploads\/2024\/01\/IMG_0640-80x60.jpg 80w, https:\/\/trektrycy.pl\/wp-content\/uploads\/2024\/01\/IMG_0640.jpg 1440w\" sizes=\"auto, (max-width: 1024px) 100vw, 1024px\" \/><button\n\t\t\tclass=\"lightbox-trigger\"\n\t\t\ttype=\"button\"\n\t\t\taria-haspopup=\"dialog\"\n\t\t\taria-label=\"Powi\u0119ksz\"\n\t\t\tdata-wp-init=\"callbacks.initTriggerButton\"\n\t\t\tdata-wp-on--click=\"actions.showLightbox\"\n\t\t\tdata-wp-style--right=\"state.imageButtonRight\"\n\t\t\tdata-wp-style--top=\"state.imageButtonTop\"\n\t\t>\n\t\t\t<svg xmlns=\"http:\/\/www.w3.org\/2000\/svg\" width=\"12\" height=\"12\" fill=\"none\" viewBox=\"0 0 12 12\">\n\t\t\t\t<path fill=\"#fff\" d=\"M2 0a2 2 0 0 0-2 2v2h1.5V2a.5.5 0 0 1 .5-.5h2V0H2Zm2 10.5H2a.5.5 0 0 1-.5-.5V8H0v2a2 2 0 0 0 2 2h2v-1.5ZM8 12v-1.5h2a.5.5 0 0 0 .5-.5V8H12v2a2 2 0 0 1-2 2H8Zm2-12a2 2 0 0 1 2 2v2h-1.5V2a.5.5 0 0 0-.5-.5H8V0h2Z\" \/>\n\t\t\t<\/svg>\n\t\t<\/button><\/figure>\n<\/div>\n\n\n<div style=\"height:20px\" aria-hidden=\"true\" class=\"wp-block-spacer\"><\/div>\n\n\n\n<p>Zimno, temperatura taka jak na zewn\u0105trz \u2013 w nocy 9<sup>0<\/sup>C.<\/p>\n\n\n<div class=\"wp-block-image\">\n<figure data-wp-context=\"{&quot;imageId&quot;:&quot;69fb469edd852&quot;}\" data-wp-interactive=\"core\/image\" data-wp-key=\"69fb469edd852\" class=\"aligncenter size-large is-resized wp-lightbox-container\"><img loading=\"lazy\" decoding=\"async\" width=\"1024\" height=\"768\" data-wp-class--hide=\"state.isContentHidden\" data-wp-class--show=\"state.isContentVisible\" data-wp-init=\"callbacks.setButtonStyles\" data-wp-on--click=\"actions.showLightbox\" data-wp-on--load=\"callbacks.setButtonStyles\" data-wp-on-window--resize=\"callbacks.setButtonStyles\" src=\"https:\/\/trektrycy.pl\/wp-content\/uploads\/2024\/01\/IMG_0633-1024x768.jpg\" alt=\"\" class=\"wp-image-12394\" style=\"width:750px\" srcset=\"https:\/\/trektrycy.pl\/wp-content\/uploads\/2024\/01\/IMG_0633-1024x768.jpg 1024w, https:\/\/trektrycy.pl\/wp-content\/uploads\/2024\/01\/IMG_0633-300x225.jpg 300w, https:\/\/trektrycy.pl\/wp-content\/uploads\/2024\/01\/IMG_0633-768x576.jpg 768w, https:\/\/trektrycy.pl\/wp-content\/uploads\/2024\/01\/IMG_0633-80x60.jpg 80w, https:\/\/trektrycy.pl\/wp-content\/uploads\/2024\/01\/IMG_0633.jpg 1440w\" sizes=\"auto, (max-width: 1024px) 100vw, 1024px\" \/><button\n\t\t\tclass=\"lightbox-trigger\"\n\t\t\ttype=\"button\"\n\t\t\taria-haspopup=\"dialog\"\n\t\t\taria-label=\"Powi\u0119ksz\"\n\t\t\tdata-wp-init=\"callbacks.initTriggerButton\"\n\t\t\tdata-wp-on--click=\"actions.showLightbox\"\n\t\t\tdata-wp-style--right=\"state.imageButtonRight\"\n\t\t\tdata-wp-style--top=\"state.imageButtonTop\"\n\t\t>\n\t\t\t<svg xmlns=\"http:\/\/www.w3.org\/2000\/svg\" width=\"12\" height=\"12\" fill=\"none\" viewBox=\"0 0 12 12\">\n\t\t\t\t<path fill=\"#fff\" d=\"M2 0a2 2 0 0 0-2 2v2h1.5V2a.5.5 0 0 1 .5-.5h2V0H2Zm2 10.5H2a.5.5 0 0 1-.5-.5V8H0v2a2 2 0 0 0 2 2h2v-1.5ZM8 12v-1.5h2a.5.5 0 0 0 .5-.5V8H12v2a2 2 0 0 1-2 2H8Zm2-12a2 2 0 0 1 2 2v2h-1.5V2a.5.5 0 0 0-.5-.5H8V0h2Z\" \/>\n\t\t\t<\/svg>\n\t\t<\/button><\/figure>\n<\/div>\n\n\n<div style=\"height:10px\" aria-hidden=\"true\" class=\"wp-block-spacer\"><\/div>\n\n\n\n<p class=\"has-text-align-center\"><em>Zimno.<\/em><\/p>\n\n\n\n<div style=\"height:50px\" aria-hidden=\"true\" class=\"wp-block-spacer\"><\/div>\n\n\n\n<div class=\"wp-block-buttons is-content-justification-space-between is-layout-flex wp-container-core-buttons-is-layout-3d213aab wp-block-buttons-is-layout-flex\">\n<div class=\"wp-block-button\"><a class=\"wp-block-button__link has-white-color has-vivid-cyan-blue-background-color has-text-color has-background has-link-color wp-element-button\" href=\"https:\/\/trektrycy.pl\/?page_id=12324\">&lt;&lt; <strong>Caldas de Reis &#8211; Padr\u00f3n<\/strong><\/a><\/div>\n\n\n\n<div class=\"wp-block-button\"><a class=\"wp-block-button__link has-white-color has-vivid-cyan-blue-background-color has-text-color has-background has-link-color wp-element-button\" href=\"https:\/\/trektrycy.pl\/?page_id=459\">Camino Portugues<\/a><\/div>\n\n\n\n<div class=\"wp-block-button\"><a class=\"wp-block-button__link has-white-color has-vivid-cyan-blue-background-color has-text-color has-background has-link-color wp-element-button\" href=\"https:\/\/trektrycy.pl\/?page_id=12399\"><strong>O Faramello &#8211; Santiago de Compostela &gt;&gt;<\/strong><\/a><\/div>\n<\/div>\n\n\n\n<div style=\"height:50px\" aria-hidden=\"true\" class=\"wp-block-spacer\"><\/div>\n<style>.template_11{background:#2980b9;background:linear-gradient(225deg,#2980b9 0,#6dd5fa 50%,#fff 100%);padding:15px;margin:15px;border-radius:40px;border:2px solid #2980b9;font-family:calibri;font-size:13pt;text-align:center}.template_11>div{color:#1a1a1a;display:inline-block;margin:0 30px}.template_11>div>span{font-weight:700;margin-left:10px}.template_11 .icons{color:#1a1a1a;margin-right:5px;font-weight:700}@media (max-width:644px){.template_11>div{margin:0 10px}}@media (max-width:525px){.template_11>div{display:block;margin:0;padding:10px 0;border-bottom:1px solid #2980b9}.template_11>div:last-child{border-bottom:none}}<\/style><style>.apvc_shortcode_ren_6425 { text-align:center;} <\/style><div class=\"apvc_shortcode_ren_6425 template_11\"><div><img decoding=\"async\" src=\"https:\/\/trektrycy.pl\/wp-content\/plugins\/advanced-page-visit-counter\/public\/images\/eye-icon.png\" class=\"apvc-view-icon\" alt=\"apvc-icon\">Odwiedzin: 16996<\/div><\/div>","protected":false},"excerpt":{"rendered":"<p>Musimy ten ostatni odcinek podzieli\u0107, bo rezerwacj\u0119 nocleg\u00f3w w Santiago de Compostela mamy dopiero od jutra. Rezerwacje robili\u015bmy jeszcze w domu, przed wyjazdem no i &hellip; <\/p>\n","protected":false},"author":1,"featured_media":0,"parent":459,"menu_order":18,"comment_status":"closed","ping_status":"closed","template":"","meta":{"advgb_blocks_editor_width":"","advgb_blocks_columns_visual_guide":"","footnotes":""},"class_list":["post-12381","page","type-page","status-publish","hentry"],"aioseo_notices":[],"coauthors":[],"author_meta":{"author_link":"https:\/\/trektrycy.pl\/?author=1","display_name":"Zbig"},"relative_dates":{"created":"Opublikowano 2 lata temu","modified":"Zaktualizowano 2 lata temu"},"absolute_dates":{"created":"Opublikowano 31\/01\/2024","modified":"Zaktualizowano 31\/01\/2024"},"absolute_dates_time":{"created":"Opublikowano 31\/01\/2024 00:28","modified":"Zaktualizowano 31\/01\/2024 20:37"},"featured_img_caption":"","featured_img":false,"series_order":"","_links":{"self":[{"href":"https:\/\/trektrycy.pl\/index.php?rest_route=\/wp\/v2\/pages\/12381","targetHints":{"allow":["GET"]}}],"collection":[{"href":"https:\/\/trektrycy.pl\/index.php?rest_route=\/wp\/v2\/pages"}],"about":[{"href":"https:\/\/trektrycy.pl\/index.php?rest_route=\/wp\/v2\/types\/page"}],"author":[{"embeddable":true,"href":"https:\/\/trektrycy.pl\/index.php?rest_route=\/wp\/v2\/users\/1"}],"replies":[{"embeddable":true,"href":"https:\/\/trektrycy.pl\/index.php?rest_route=%2Fwp%2Fv2%2Fcomments&post=12381"}],"version-history":[{"count":5,"href":"https:\/\/trektrycy.pl\/index.php?rest_route=\/wp\/v2\/pages\/12381\/revisions"}],"predecessor-version":[{"id":12402,"href":"https:\/\/trektrycy.pl\/index.php?rest_route=\/wp\/v2\/pages\/12381\/revisions\/12402"}],"up":[{"embeddable":true,"href":"https:\/\/trektrycy.pl\/index.php?rest_route=\/wp\/v2\/pages\/459"}],"wp:attachment":[{"href":"https:\/\/trektrycy.pl\/index.php?rest_route=%2Fwp%2Fv2%2Fmedia&parent=12381"}],"curies":[{"name":"wp","href":"https:\/\/api.w.org\/{rel}","templated":true}]}}