{"id":11592,"date":"2024-01-15T16:46:24","date_gmt":"2024-01-15T15:46:24","guid":{"rendered":"https:\/\/trektrycy.pl\/?page_id=11592"},"modified":"2024-01-15T19:57:20","modified_gmt":"2024-01-15T18:57:20","slug":"dzien-3-porto-maia-vilarinho-14-km","status":"publish","type":"page","link":"https:\/\/trektrycy.pl\/?page_id=11592","title":{"rendered":"Dzie\u0144 3, Porto (Maia) \u2013 Vilarinho, 14 km"},"content":{"rendered":"<div  id=\"jtg-11596\" class=\"modula modula-gallery modula-creative-gallery\" data-config=\"{&quot;height&quot;:564,&quot;tabletHeight&quot;:564,&quot;mobileHeight&quot;:564,&quot;desktopHeight&quot;:564,&quot;enableTwitter&quot;:false,&quot;enableWhatsapp&quot;:false,&quot;enableFacebook&quot;:false,&quot;enablePinterest&quot;:false,&quot;enableLinkedin&quot;:false,&quot;enableEmail&quot;:false,&quot;randomFactor&quot;:0.5,&quot;type&quot;:&quot;creative-gallery&quot;,&quot;columns&quot;:12,&quot;gutter&quot;:10,&quot;mobileGutter&quot;:10,&quot;tabletGutter&quot;:10,&quot;desktopGutter&quot;:10,&quot;enableResponsive&quot;:&quot;0&quot;,&quot;tabletColumns&quot;:&quot;2&quot;,&quot;mobileColumns&quot;:&quot;1&quot;,&quot;lazyLoad&quot;:0,&quot;lightboxOpts&quot;:{&quot;animated&quot;:true,&quot;Thumbs&quot;:{&quot;type&quot;:&quot;modern&quot;,&quot;showOnStart&quot;:false},&quot;Toolbar&quot;:{&quot;display&quot;:{&quot;right&quot;:[&quot;close&quot;]},&quot;enabled&quot;:true},&quot;Carousel&quot;:{&quot;Panzoom&quot;:{&quot;touch&quot;:true},&quot;infinite&quot;:false},&quot;keyboard&quot;:{&quot;Escape&quot;:&quot;close&quot;,&quot;Delete&quot;:&quot;close&quot;,&quot;Backspace&quot;:&quot;close&quot;,&quot;PageUp&quot;:false,&quot;PageDown&quot;:false,&quot;ArrowUp&quot;:false,&quot;ArrowDown&quot;:false,&quot;ArrowRight&quot;:false,&quot;ArrowLeft&quot;:false},&quot;touch&quot;:false,&quot;backdropClick&quot;:false,&quot;l10n&quot;:{&quot;CLOSE&quot;:&quot;Zamknij&quot;,&quot;NEXT&quot;:&quot;Nast\\u0119pny&quot;,&quot;PREV&quot;:&quot;Poprzedni&quot;,&quot;Error&quot;:&quot;Nie mo\\u017cna wczyta\\u0107 \\u017c\\u0105danej tre\\u015bci. Spr\\u00f3buj ponownie p\\u00f3\\u017aniej.&quot;,&quot;PLAY_START&quot;:&quot;Rozpocznij pokaz slajd\\u00f3w&quot;,&quot;PLAY_STOP&quot;:&quot;Zatrzymaj pokaz slajd\\u00f3w&quot;,&quot;FULL_SCREEN&quot;:&quot;Pe\\u0142ny ekran&quot;,&quot;THUMBS&quot;:&quot;Miniaturki&quot;,&quot;DOWNLOAD&quot;:&quot;Pobieranie&quot;,&quot;SHARE&quot;:&quot;Udost\\u0119pnij&quot;,&quot;ZOOM&quot;:&quot;Powi\\u0119kszenie&quot;,&quot;EMAIL&quot;:&quot;Here is the link to the image : %%image_link%% and this is the link to the gallery : %%gallery_link%%&quot;,&quot;MODAL&quot;:&quot;Mo\\u017cesz zamkn\\u0105\\u0107 t\\u0119 zawarto\\u015b\\u0107 okna modalnego za pomoc\\u0105 klawisza ESC&quot;,&quot;ERROR&quot;:&quot;Co\\u015b posz\\u0142o nie tak. Spr\\u00f3buj ponownie p\\u00f3\\u017aniej&quot;,&quot;IMAGE_ERROR&quot;:&quot;Nie znaleziono obrazka&quot;,&quot;ELEMENT_NOT_FOUND&quot;:&quot;Nie znaleziono elementu HTML&quot;,&quot;AJAX_NOT_FOUND&quot;:&quot;B\\u0142\\u0105d wczytywania AJAX: Nie znaleziono&quot;,&quot;AJAX_FORBIDDEN&quot;:&quot;B\\u0142\\u0105d wczytywania AJAX: Zabronione&quot;,&quot;IFRAME_ERROR&quot;:&quot;B\\u0142\\u0105d wczytywania strony&quot;,&quot;TOGGLE_ZOOM&quot;:&quot;Prze\\u0142\\u0105cz poziom powi\\u0119kszenia&quot;,&quot;TOGGLE_THUMBS&quot;:&quot;Prze\\u0142\\u0105cz miniaturki&quot;,&quot;TOGGLE_SLIDESHOW&quot;:&quot;Prze\\u0142\\u0105cz pokaz slajd\\u00f3w&quot;,&quot;TOGGLE_FULLSCREEN&quot;:&quot;Prze\\u0142\\u0105cz tryb pe\\u0142noekranowy&quot;},&quot;Images&quot;:{&quot;Panzoom&quot;:{&quot;maxScale&quot;:2}},&quot;mainClass&quot;:&quot;modula-fancybox-container modula-lightbox-jtg-11596&quot;,&quot;Html&quot;:{&quot;videoAutoplay&quot;:0,&quot;videoTpl&quot;:&quot;&lt;video class=\\&quot;fancybox__html5video\\&quot; controls muted playsinline controlsList controlsList=\\&quot;nodownload\\&quot; poster=\\&quot;{{poster}}\\&quot; src=\\&quot;{{src}}\\&quot; type=\\&quot;{{format}}\\&quot; &gt;  Sorry, your browser doesn&#039;t support embedded videos, &lt;a href=\\&quot;{{src}}\\&quot;&gt; download &lt;\\\/a&gt; and watch with your favorite video player! &lt;\\\/video&gt;&quot;}},&quot;inView&quot;:false,&quot;email_subject&quot;:&quot;Sprawd\\u017a ten niesamowity obrazek!&quot;,&quot;email_message&quot;:&quot;Oto odno\\u015bnik do obrazku: %%image_link%%, a to odno\\u015bnik do galerii: %%gallery_link%%&quot;,&quot;options&quot;:{&quot;lightbox&quot;:&quot;fancybox&quot;},&quot;enableSlideshow&quot;:0,&quot;enableAutoplay&quot;:&quot;0&quot;,&quot;slideshowSpeed&quot;:5000,&quot;pauseOnHover&quot;:&quot;0&quot;,&quot;lightbox&quot;:&quot;fancybox&quot;}\">\n\n\t\n\t<div  class=\"modula-items\">\n\t\t<div class=\"modula-item effect-pufrobo\" >\n\t<div class=\"modula-item-overlay\"><\/div>\n\n\t<div class=\"modula-item-content\">\n\n\t\t<a data-image-id=\"11597\" role=\"button\" tabindex=\"0\" rel=\"jtg-11596\" data-caption=\"\" aria-label=\"Otw\u00f3rz obrazek w lightboxie\" class=\"tile-inner modula-item-link\"><\/a><img loading=\"lazy\" decoding=\"async\" class=\"pic wp-image-11597\"  data-valign=\"middle\" data-halign=\"center\" alt=\"\" data-full=\"https:\/\/trektrycy.pl\/wp-content\/uploads\/2024\/01\/IMG_0036.jpg\" title=\"IMG_0036\" crop=\"\" width=\"300\" height=\"225\" src=\"https:\/\/trektrycy.pl\/wp-content\/uploads\/2024\/01\/IMG_0036-300x225.jpg\" data-src=\"https:\/\/trektrycy.pl\/wp-content\/uploads\/2024\/01\/IMG_0036-300x225.jpg\" data-caption=\"\" srcset=\"https:\/\/trektrycy.pl\/wp-content\/uploads\/2024\/01\/IMG_0036.jpg 1440w, https:\/\/trektrycy.pl\/wp-content\/uploads\/2024\/01\/IMG_0036-300x225.jpg 300w, https:\/\/trektrycy.pl\/wp-content\/uploads\/2024\/01\/IMG_0036-1024x768.jpg 1024w, https:\/\/trektrycy.pl\/wp-content\/uploads\/2024\/01\/IMG_0036-768x576.jpg 768w, https:\/\/trektrycy.pl\/wp-content\/uploads\/2024\/01\/IMG_0036-80x60.jpg 80w\" sizes=\"auto, (max-width: 300px) 100vw, 300px\" \/>\n\t\t<div class=\"figc no-description\">\n\t\t\t<div class=\"figc-inner\">\n\t\t\t\t\t\t\t\t\t\t\t\t\t\t\t<\/div>\n\t\t<\/div>\n\n\t<\/div>\n\n<\/div><div class=\"modula-item effect-pufrobo\" >\n\t<div class=\"modula-item-overlay\"><\/div>\n\n\t<div class=\"modula-item-content\">\n\n\t\t<a data-image-id=\"11598\" role=\"button\" tabindex=\"0\" rel=\"jtg-11596\" data-caption=\"\" aria-label=\"Otw\u00f3rz obrazek w lightboxie\" class=\"tile-inner modula-item-link\"><\/a><img loading=\"lazy\" decoding=\"async\" class=\"pic wp-image-11598\"  data-valign=\"middle\" data-halign=\"center\" alt=\"\" data-full=\"https:\/\/trektrycy.pl\/wp-content\/uploads\/2024\/01\/IMG_0039.jpg\" title=\"IMG_0039\" crop=\"\" width=\"300\" height=\"225\" src=\"https:\/\/trektrycy.pl\/wp-content\/uploads\/2024\/01\/IMG_0039-300x225.jpg\" data-src=\"https:\/\/trektrycy.pl\/wp-content\/uploads\/2024\/01\/IMG_0039-300x225.jpg\" data-caption=\"\" srcset=\"https:\/\/trektrycy.pl\/wp-content\/uploads\/2024\/01\/IMG_0039.jpg 1440w, https:\/\/trektrycy.pl\/wp-content\/uploads\/2024\/01\/IMG_0039-300x225.jpg 300w, https:\/\/trektrycy.pl\/wp-content\/uploads\/2024\/01\/IMG_0039-1024x768.jpg 1024w, https:\/\/trektrycy.pl\/wp-content\/uploads\/2024\/01\/IMG_0039-768x576.jpg 768w, https:\/\/trektrycy.pl\/wp-content\/uploads\/2024\/01\/IMG_0039-80x60.jpg 80w\" sizes=\"auto, (max-width: 300px) 100vw, 300px\" \/>\n\t\t<div class=\"figc no-description\">\n\t\t\t<div class=\"figc-inner\">\n\t\t\t\t\t\t\t\t\t\t\t\t\t\t\t<\/div>\n\t\t<\/div>\n\n\t<\/div>\n\n<\/div><div class=\"modula-item effect-pufrobo\" >\n\t<div class=\"modula-item-overlay\"><\/div>\n\n\t<div class=\"modula-item-content\">\n\n\t\t<a data-image-id=\"11599\" role=\"button\" tabindex=\"0\" rel=\"jtg-11596\" data-caption=\"\" aria-label=\"Otw\u00f3rz obrazek w lightboxie\" class=\"tile-inner modula-item-link\"><\/a><img loading=\"lazy\" decoding=\"async\" class=\"pic wp-image-11599\"  data-valign=\"middle\" data-halign=\"center\" alt=\"\" data-full=\"https:\/\/trektrycy.pl\/wp-content\/uploads\/2024\/01\/IMG_0042.jpg\" title=\"IMG_0042\" crop=\"\" width=\"300\" height=\"225\" src=\"https:\/\/trektrycy.pl\/wp-content\/uploads\/2024\/01\/IMG_0042-300x225.jpg\" data-src=\"https:\/\/trektrycy.pl\/wp-content\/uploads\/2024\/01\/IMG_0042-300x225.jpg\" data-caption=\"\" srcset=\"https:\/\/trektrycy.pl\/wp-content\/uploads\/2024\/01\/IMG_0042.jpg 1440w, https:\/\/trektrycy.pl\/wp-content\/uploads\/2024\/01\/IMG_0042-300x225.jpg 300w, https:\/\/trektrycy.pl\/wp-content\/uploads\/2024\/01\/IMG_0042-1024x768.jpg 1024w, https:\/\/trektrycy.pl\/wp-content\/uploads\/2024\/01\/IMG_0042-768x576.jpg 768w, https:\/\/trektrycy.pl\/wp-content\/uploads\/2024\/01\/IMG_0042-80x60.jpg 80w\" sizes=\"auto, (max-width: 300px) 100vw, 300px\" \/>\n\t\t<div class=\"figc no-description\">\n\t\t\t<div class=\"figc-inner\">\n\t\t\t\t\t\t\t\t\t\t\t\t\t\t\t<\/div>\n\t\t<\/div>\n\n\t<\/div>\n\n<\/div>\t\t\n\t<\/div>\n\n\t\n\t\n\t<script type=\"application\/ld+json\">\n\t{\n\t\t\"@context\": \"https:\/\/schema.org\",\n\t\t\"@type\"   : \"ImageGallery\",\n\t\t\"id\"      : \"https:\/\/trektrycy.pl\/?page_id=11592\/#modula-gallery-11596\",\n\t\t\"url\"     : \"https:\/\/trektrycy.pl\/?page_id=11592\/\"\n\t}\n\n\t<\/script>\n\n\t\n<\/div>\n\n\n\n\n<div style=\"height:30px\" aria-hidden=\"true\" class=\"wp-block-spacer\"><\/div>\n\n\n\n<p>Wczoraj przeszli\u015bmy si\u0119 nadmorsk\u0105 promenad\u0105 w Porto prawie do uj\u015bcia Douro do morza, wi\u0119c postanawiamy nieco zmieni\u0107 pocz\u0105tek drogi, \u017ceby nie powtarza\u0107 tej samej trasy. Przez pierwsze dwa dni p\u00f3jdziemy tras\u0105 centraln\u0105, potem, za Rates, przejdziemy na tras\u0119 nadmorsk\u0105.<\/p>\n\n\n\n<p>Od pocz\u0105tku by\u0142o wiadomo, \u017ce utworzymy dwa zespo\u0142y, \u201edw\u00f3ch pr\u0119dko\u015bci\u201d \u2013 synowie \u015bmign\u0105 sobie przodem w swoim normalnym tempie strusia P\u0119dziwiatra, zajm\u0105 si\u0119 znalezieniem noclegu, my dotrzemy spokojnie na gotowe. Mamy przy sobie w sumie 4 telefony, nie pogubimy si\u0119. Jedziemy do Maia poci\u0105giem podmiejskim.<\/p>\n\n\n<div class=\"wp-block-image\">\n<figure data-wp-context=\"{&quot;imageId&quot;:&quot;69fb4c802393a&quot;}\" data-wp-interactive=\"core\/image\" data-wp-key=\"69fb4c802393a\" class=\"aligncenter size-large is-resized wp-lightbox-container\"><img loading=\"lazy\" decoding=\"async\" width=\"768\" height=\"1024\" data-wp-class--hide=\"state.isContentHidden\" data-wp-class--show=\"state.isContentVisible\" data-wp-init=\"callbacks.setButtonStyles\" data-wp-on--click=\"actions.showLightbox\" data-wp-on--load=\"callbacks.setButtonStyles\" data-wp-on-window--resize=\"callbacks.setButtonStyles\" src=\"https:\/\/trektrycy.pl\/wp-content\/uploads\/2024\/01\/IMG_0079-768x1024.jpg\" alt=\"\" class=\"wp-image-11602\" style=\"width:auto;height:750px\" srcset=\"https:\/\/trektrycy.pl\/wp-content\/uploads\/2024\/01\/IMG_0079-768x1024.jpg 768w, https:\/\/trektrycy.pl\/wp-content\/uploads\/2024\/01\/IMG_0079-225x300.jpg 225w, https:\/\/trektrycy.pl\/wp-content\/uploads\/2024\/01\/IMG_0079-45x60.jpg 45w, https:\/\/trektrycy.pl\/wp-content\/uploads\/2024\/01\/IMG_0079.jpg 1080w\" sizes=\"auto, (max-width: 768px) 100vw, 768px\" \/><button\n\t\t\tclass=\"lightbox-trigger\"\n\t\t\ttype=\"button\"\n\t\t\taria-haspopup=\"dialog\"\n\t\t\taria-label=\"Powi\u0119ksz\"\n\t\t\tdata-wp-init=\"callbacks.initTriggerButton\"\n\t\t\tdata-wp-on--click=\"actions.showLightbox\"\n\t\t\tdata-wp-style--right=\"state.imageButtonRight\"\n\t\t\tdata-wp-style--top=\"state.imageButtonTop\"\n\t\t>\n\t\t\t<svg xmlns=\"http:\/\/www.w3.org\/2000\/svg\" width=\"12\" height=\"12\" fill=\"none\" viewBox=\"0 0 12 12\">\n\t\t\t\t<path fill=\"#fff\" d=\"M2 0a2 2 0 0 0-2 2v2h1.5V2a.5.5 0 0 1 .5-.5h2V0H2Zm2 10.5H2a.5.5 0 0 1-.5-.5V8H0v2a2 2 0 0 0 2 2h2v-1.5ZM8 12v-1.5h2a.5.5 0 0 0 .5-.5V8H12v2a2 2 0 0 1-2 2H8Zm2-12a2 2 0 0 1 2 2v2h-1.5V2a.5.5 0 0 0-.5-.5H8V0h2Z\" \/>\n\t\t\t<\/svg>\n\t\t<\/button><figcaption class=\"wp-element-caption\"><em>Nasza pierwsza \u017c\u00f3\u0142ta strza\u0142ka. Jeste\u015bmy na Camino!<\/em><\/figcaption><\/figure>\n<\/div>\n\n\n<div style=\"height:10px\" aria-hidden=\"true\" class=\"wp-block-spacer\"><\/div>\n\n\n<div class=\"wp-block-image\">\n<figure data-wp-context=\"{&quot;imageId&quot;:&quot;69fb4c8024373&quot;}\" data-wp-interactive=\"core\/image\" data-wp-key=\"69fb4c8024373\" class=\"aligncenter size-large is-resized wp-lightbox-container\"><img loading=\"lazy\" decoding=\"async\" width=\"768\" height=\"1024\" data-wp-class--hide=\"state.isContentHidden\" data-wp-class--show=\"state.isContentVisible\" data-wp-init=\"callbacks.setButtonStyles\" data-wp-on--click=\"actions.showLightbox\" data-wp-on--load=\"callbacks.setButtonStyles\" data-wp-on-window--resize=\"callbacks.setButtonStyles\" src=\"https:\/\/trektrycy.pl\/wp-content\/uploads\/2024\/01\/IMG_0080-768x1024.jpg\" alt=\"\" class=\"wp-image-11603\" style=\"width:auto;height:750px\" srcset=\"https:\/\/trektrycy.pl\/wp-content\/uploads\/2024\/01\/IMG_0080-768x1024.jpg 768w, https:\/\/trektrycy.pl\/wp-content\/uploads\/2024\/01\/IMG_0080-225x300.jpg 225w, https:\/\/trektrycy.pl\/wp-content\/uploads\/2024\/01\/IMG_0080-45x60.jpg 45w, https:\/\/trektrycy.pl\/wp-content\/uploads\/2024\/01\/IMG_0080.jpg 1080w\" sizes=\"auto, (max-width: 768px) 100vw, 768px\" \/><button\n\t\t\tclass=\"lightbox-trigger\"\n\t\t\ttype=\"button\"\n\t\t\taria-haspopup=\"dialog\"\n\t\t\taria-label=\"Powi\u0119ksz\"\n\t\t\tdata-wp-init=\"callbacks.initTriggerButton\"\n\t\t\tdata-wp-on--click=\"actions.showLightbox\"\n\t\t\tdata-wp-style--right=\"state.imageButtonRight\"\n\t\t\tdata-wp-style--top=\"state.imageButtonTop\"\n\t\t>\n\t\t\t<svg xmlns=\"http:\/\/www.w3.org\/2000\/svg\" width=\"12\" height=\"12\" fill=\"none\" viewBox=\"0 0 12 12\">\n\t\t\t\t<path fill=\"#fff\" d=\"M2 0a2 2 0 0 0-2 2v2h1.5V2a.5.5 0 0 1 .5-.5h2V0H2Zm2 10.5H2a.5.5 0 0 1-.5-.5V8H0v2a2 2 0 0 0 2 2h2v-1.5ZM8 12v-1.5h2a.5.5 0 0 0 .5-.5V8H12v2a2 2 0 0 1-2 2H8Zm2-12a2 2 0 0 1 2 2v2h-1.5V2a.5.5 0 0 0-.5-.5H8V0h2Z\" \/>\n\t\t\t<\/svg>\n\t\t<\/button><figcaption class=\"wp-element-caption\"><em>Pi\u0119kny ko\u015bci\u00f3\u0142ek pokryty azulejos w Maia<\/em><\/figcaption><\/figure>\n<\/div>\n\n\n<div style=\"height:20px\" aria-hidden=\"true\" class=\"wp-block-spacer\"><\/div>\n\n\n\n<p>To Santu\u00e1rio de Nossa Senhora do Bom Despacho Sanktuarium &#8211; Matki Bo\u017cej Dobrego Porz\u0105dku. Granatowe drzwi pi\u0119knie pasuj\u0105 do fasady z niebieskich p\u0142ytek<em> azulejos<\/em>. Imponuj\u0105ce wn\u0119trze, z\u0142oty o\u0142tarz. Warto zajrze\u0107 do \u015brodka.<\/p>\n\n\n\n<p>Ko\u015bci\u00f3\u0142 sta\u0142 tu ju\u017c w XII wieku. Obecny pochodzi z 1738 roku, a przy g\u0142\u00f3wnym wej\u015bciu znajduje si\u0119 gr\u00f3b miejscowego emigranta do Brazylii, kt\u00f3ry sfinansowa\u0142 budow\u0119 w podzi\u0119ce za uratowanie wzroku. Dalsze ulepszenia ko\u015bcio\u0142a r\u00f3wnie\u017c pochodz\u0105 z dar\u00f3w od emigrant\u00f3w w Brazylii. Emigranci sporo przedsi\u0119wzi\u0119\u0107 finansowali w starym kraju, tu i w Hiszpanii.<\/p>\n\n\n\n<p>\u015awi\u0119to patronki obchodzone jest tu z wielkim rozmachem w drug\u0105 niedziel\u0119 lipca.<\/p>\n\n\n\n<p>Trasa jest \u0142atwa, po p\u0142askim, cz\u0119sto wzd\u0142u\u017c drogi z ruchem. Zachwycaj\u0105 wielkie kwitn\u0105ce fioletowo krzewy wisterii.<\/p>\n\n\n<div class=\"wp-block-image\">\n<figure data-wp-context=\"{&quot;imageId&quot;:&quot;69fb4c8024d20&quot;}\" data-wp-interactive=\"core\/image\" data-wp-key=\"69fb4c8024d20\" class=\"aligncenter size-large is-resized wp-lightbox-container\"><img loading=\"lazy\" decoding=\"async\" width=\"1024\" height=\"768\" data-wp-class--hide=\"state.isContentHidden\" data-wp-class--show=\"state.isContentVisible\" data-wp-init=\"callbacks.setButtonStyles\" data-wp-on--click=\"actions.showLightbox\" data-wp-on--load=\"callbacks.setButtonStyles\" data-wp-on-window--resize=\"callbacks.setButtonStyles\" src=\"https:\/\/trektrycy.pl\/wp-content\/uploads\/2024\/01\/IMG_0083-1024x768.jpg\" alt=\"\" class=\"wp-image-11606\" style=\"width:750px\" srcset=\"https:\/\/trektrycy.pl\/wp-content\/uploads\/2024\/01\/IMG_0083-1024x768.jpg 1024w, https:\/\/trektrycy.pl\/wp-content\/uploads\/2024\/01\/IMG_0083-300x225.jpg 300w, https:\/\/trektrycy.pl\/wp-content\/uploads\/2024\/01\/IMG_0083-768x576.jpg 768w, https:\/\/trektrycy.pl\/wp-content\/uploads\/2024\/01\/IMG_0083-80x60.jpg 80w, https:\/\/trektrycy.pl\/wp-content\/uploads\/2024\/01\/IMG_0083.jpg 1440w\" sizes=\"auto, (max-width: 1024px) 100vw, 1024px\" \/><button\n\t\t\tclass=\"lightbox-trigger\"\n\t\t\ttype=\"button\"\n\t\t\taria-haspopup=\"dialog\"\n\t\t\taria-label=\"Powi\u0119ksz\"\n\t\t\tdata-wp-init=\"callbacks.initTriggerButton\"\n\t\t\tdata-wp-on--click=\"actions.showLightbox\"\n\t\t\tdata-wp-style--right=\"state.imageButtonRight\"\n\t\t\tdata-wp-style--top=\"state.imageButtonTop\"\n\t\t>\n\t\t\t<svg xmlns=\"http:\/\/www.w3.org\/2000\/svg\" width=\"12\" height=\"12\" fill=\"none\" viewBox=\"0 0 12 12\">\n\t\t\t\t<path fill=\"#fff\" d=\"M2 0a2 2 0 0 0-2 2v2h1.5V2a.5.5 0 0 1 .5-.5h2V0H2Zm2 10.5H2a.5.5 0 0 1-.5-.5V8H0v2a2 2 0 0 0 2 2h2v-1.5ZM8 12v-1.5h2a.5.5 0 0 0 .5-.5V8H12v2a2 2 0 0 1-2 2H8Zm2-12a2 2 0 0 1 2 2v2h-1.5V2a.5.5 0 0 0-.5-.5H8V0h2Z\" \/>\n\t\t\t<\/svg>\n\t\t<\/button><\/figure>\n<\/div>\n\n\n<div style=\"height:30px\" aria-hidden=\"true\" class=\"wp-block-spacer\"><\/div>\n\n\n\n<p>Mamy do przej\u015bcia 24 -26 kilometr\u00f3w. Ju\u017c po sze\u015bciu zasiadamy w pierwszym barze na przerw\u0119. Pierwsze <em>menu peregrino<\/em> \u2013 makaron i co tam w kuchni by\u0142o \u2013 jajka, pomidory, tu\u0144czyk, ser. Dobre. <em>Menu peregrino<\/em> to tanie, proste dania dla w\u0119drowc\u00f3w. Kosztuj\u0105 6-8 euro <em>(przypis 2023: oczywi\u015bcie podro\u017ca\u0142y, teraz 10 &#8211; 15 \u20ac)<\/em>.<\/p>\n\n\n\n<p>Kolejna miejscowo\u015b\u0107. Dobrze utrzymane jasne domki jednorodzinne z kolorowymi ogrodami. Ale tu wszystko obficie kwitnie.<\/p>\n\n\n<div class=\"wp-block-image\">\n<figure data-wp-context=\"{&quot;imageId&quot;:&quot;69fb4c8025606&quot;}\" data-wp-interactive=\"core\/image\" data-wp-key=\"69fb4c8025606\" class=\"aligncenter size-large is-resized wp-lightbox-container\"><img loading=\"lazy\" decoding=\"async\" width=\"1024\" height=\"768\" data-wp-class--hide=\"state.isContentHidden\" data-wp-class--show=\"state.isContentVisible\" data-wp-init=\"callbacks.setButtonStyles\" data-wp-on--click=\"actions.showLightbox\" data-wp-on--load=\"callbacks.setButtonStyles\" data-wp-on-window--resize=\"callbacks.setButtonStyles\" src=\"https:\/\/trektrycy.pl\/wp-content\/uploads\/2024\/01\/IMG_0084-1024x768.jpg\" alt=\"\" class=\"wp-image-11607\" style=\"width:750px\" srcset=\"https:\/\/trektrycy.pl\/wp-content\/uploads\/2024\/01\/IMG_0084-1024x768.jpg 1024w, https:\/\/trektrycy.pl\/wp-content\/uploads\/2024\/01\/IMG_0084-300x225.jpg 300w, https:\/\/trektrycy.pl\/wp-content\/uploads\/2024\/01\/IMG_0084-768x576.jpg 768w, https:\/\/trektrycy.pl\/wp-content\/uploads\/2024\/01\/IMG_0084-80x60.jpg 80w, https:\/\/trektrycy.pl\/wp-content\/uploads\/2024\/01\/IMG_0084.jpg 1440w\" sizes=\"auto, (max-width: 1024px) 100vw, 1024px\" \/><button\n\t\t\tclass=\"lightbox-trigger\"\n\t\t\ttype=\"button\"\n\t\t\taria-haspopup=\"dialog\"\n\t\t\taria-label=\"Powi\u0119ksz\"\n\t\t\tdata-wp-init=\"callbacks.initTriggerButton\"\n\t\t\tdata-wp-on--click=\"actions.showLightbox\"\n\t\t\tdata-wp-style--right=\"state.imageButtonRight\"\n\t\t\tdata-wp-style--top=\"state.imageButtonTop\"\n\t\t>\n\t\t\t<svg xmlns=\"http:\/\/www.w3.org\/2000\/svg\" width=\"12\" height=\"12\" fill=\"none\" viewBox=\"0 0 12 12\">\n\t\t\t\t<path fill=\"#fff\" d=\"M2 0a2 2 0 0 0-2 2v2h1.5V2a.5.5 0 0 1 .5-.5h2V0H2Zm2 10.5H2a.5.5 0 0 1-.5-.5V8H0v2a2 2 0 0 0 2 2h2v-1.5ZM8 12v-1.5h2a.5.5 0 0 0 .5-.5V8H12v2a2 2 0 0 1-2 2H8Zm2-12a2 2 0 0 1 2 2v2h-1.5V2a.5.5 0 0 0-.5-.5H8V0h2Z\" \/>\n\t\t\t<\/svg>\n\t\t<\/button><figcaption class=\"wp-element-caption\"><em>Odpoczynek na \u0142\u0105czce w \u015brodku wioski.<\/em><\/figcaption><\/figure>\n<\/div>\n\n\n<div style=\"height:20px\" aria-hidden=\"true\" class=\"wp-block-spacer\"><\/div>\n\n\n\n<p>No, nie mamy kondycji. Codzienne spacery od p\u00f3\u0142tora roku to jednak by\u0142y wyj\u015bcia do kilkunastu kilometr\u00f3w, do tego bez plecak\u00f3w. Liczyli\u015bmy, \u017ce systematyczno\u015b\u0107 pozwoli\u0142a nam ju\u017c zbudowa\u0107 kondycj\u0119 na d\u0142u\u017csze wyj\u015bcia, ale chyba jeszcze nie. Kiedy wi\u0119c po oko\u0142o 14 km, w Vilarinho, zaczepia nas energiczna pani i zaci\u0105ga przed ten dom, gdzie proponuje pok\u00f3j za 20 euro, poddajemy si\u0119.<\/p>\n\n\n<div class=\"wp-block-image\">\n<figure data-wp-context=\"{&quot;imageId&quot;:&quot;69fb4c8025f3f&quot;}\" data-wp-interactive=\"core\/image\" data-wp-key=\"69fb4c8025f3f\" class=\"aligncenter size-large is-resized wp-lightbox-container\"><img loading=\"lazy\" decoding=\"async\" width=\"1024\" height=\"768\" data-wp-class--hide=\"state.isContentHidden\" data-wp-class--show=\"state.isContentVisible\" data-wp-init=\"callbacks.setButtonStyles\" data-wp-on--click=\"actions.showLightbox\" data-wp-on--load=\"callbacks.setButtonStyles\" data-wp-on-window--resize=\"callbacks.setButtonStyles\" src=\"https:\/\/trektrycy.pl\/wp-content\/uploads\/2024\/01\/IMG_0087-1024x768.jpg\" alt=\"\" class=\"wp-image-11608\" style=\"width:750px\" srcset=\"https:\/\/trektrycy.pl\/wp-content\/uploads\/2024\/01\/IMG_0087-1024x768.jpg 1024w, https:\/\/trektrycy.pl\/wp-content\/uploads\/2024\/01\/IMG_0087-300x225.jpg 300w, https:\/\/trektrycy.pl\/wp-content\/uploads\/2024\/01\/IMG_0087-768x576.jpg 768w, https:\/\/trektrycy.pl\/wp-content\/uploads\/2024\/01\/IMG_0087-80x60.jpg 80w, https:\/\/trektrycy.pl\/wp-content\/uploads\/2024\/01\/IMG_0087.jpg 1440w\" sizes=\"auto, (max-width: 1024px) 100vw, 1024px\" \/><button\n\t\t\tclass=\"lightbox-trigger\"\n\t\t\ttype=\"button\"\n\t\t\taria-haspopup=\"dialog\"\n\t\t\taria-label=\"Powi\u0119ksz\"\n\t\t\tdata-wp-init=\"callbacks.initTriggerButton\"\n\t\t\tdata-wp-on--click=\"actions.showLightbox\"\n\t\t\tdata-wp-style--right=\"state.imageButtonRight\"\n\t\t\tdata-wp-style--top=\"state.imageButtonTop\"\n\t\t>\n\t\t\t<svg xmlns=\"http:\/\/www.w3.org\/2000\/svg\" width=\"12\" height=\"12\" fill=\"none\" viewBox=\"0 0 12 12\">\n\t\t\t\t<path fill=\"#fff\" d=\"M2 0a2 2 0 0 0-2 2v2h1.5V2a.5.5 0 0 1 .5-.5h2V0H2Zm2 10.5H2a.5.5 0 0 1-.5-.5V8H0v2a2 2 0 0 0 2 2h2v-1.5ZM8 12v-1.5h2a.5.5 0 0 0 .5-.5V8H12v2a2 2 0 0 1-2 2H8Zm2-12a2 2 0 0 1 2 2v2h-1.5V2a.5.5 0 0 0-.5-.5H8V0h2Z\" \/>\n\t\t\t<\/svg>\n\t\t<\/button><figcaption class=\"wp-element-caption\"><em>Casa Familia Vidal<\/em><\/figcaption><\/figure>\n<\/div>\n\n\n<div style=\"height:20px\" aria-hidden=\"true\" class=\"wp-block-spacer\"><\/div>\n\n\n\n<p>Dzwonimy do syn\u00f3w, kt\u00f3rzy ju\u017c odpoczywaj\u0105 w albergue w Rates, 10 km dalej. Postanawiaj\u0105, \u017ce ten dzie\u0144 \u201ezaoszcz\u0119dzony\u201d ju\u017c w ci\u0105gu pierwszego dnia wykorzystaj\u0105, \u017ceby p\u00f3j\u015b\u0107 do historycznego Barcelos i wr\u00f3c\u0105 na nasz\u0105 tras\u0119 pojutrze, a my jutro dotrzemy do Rates i dalej p\u00f3jdziemy zgodnie z planem.<\/p>\n\n\n\n<p>Vilarinho \u2013 miasteczko, oko\u0142o 3000 mieszka\u0144c\u00f3w \u2013 z \u0142adnym, historycznym centrum. Kilka bar\u00f3w. G\u0142\u00f3wny zabytek to roma\u0144ski ko\u015bci\u00f3\u0142 i klasztor S\u00e3o Miguel zbudowany w XI wieku.<\/p>\n\n\n\n<div style=\"height:50px\" aria-hidden=\"true\" class=\"wp-block-spacer\"><\/div>\n\n\n\n<div class=\"wp-block-buttons is-content-justification-space-between is-layout-flex wp-container-core-buttons-is-layout-3d213aab wp-block-buttons-is-layout-flex\">\n<div class=\"wp-block-button\"><a class=\"wp-block-button__link has-white-color has-vivid-cyan-blue-background-color has-text-color has-background has-link-color wp-element-button\" href=\"https:\/\/trektrycy.pl\/?page_id=11526\">&lt;&lt; <strong>Porto<\/strong><\/a><\/div>\n\n\n\n<div class=\"wp-block-button\"><a class=\"wp-block-button__link has-white-color has-vivid-cyan-blue-background-color has-text-color has-background has-link-color wp-element-button\" href=\"https:\/\/trektrycy.pl\/?page_id=459\">Camino Portugues<\/a><\/div>\n\n\n\n<div class=\"wp-block-button\"><a class=\"wp-block-button__link has-white-color has-vivid-cyan-blue-background-color has-text-color has-background has-link-color wp-element-button\" href=\"https:\/\/trektrycy.pl\/?page_id=11618\"><strong>Vilarinho \u2013 Rates, 11 km<\/strong> &gt;&gt;<\/a><\/div>\n<\/div>\n\n\n\n<div style=\"height:50px\" aria-hidden=\"true\" class=\"wp-block-spacer\"><\/div>\n<style>.template_11{background:#2980b9;background:linear-gradient(225deg,#2980b9 0,#6dd5fa 50%,#fff 100%);padding:15px;margin:15px;border-radius:40px;border:2px solid #2980b9;font-family:calibri;font-size:13pt;text-align:center}.template_11>div{color:#1a1a1a;display:inline-block;margin:0 30px}.template_11>div>span{font-weight:700;margin-left:10px}.template_11 .icons{color:#1a1a1a;margin-right:5px;font-weight:700}@media (max-width:644px){.template_11>div{margin:0 10px}}@media (max-width:525px){.template_11>div{display:block;margin:0;padding:10px 0;border-bottom:1px solid #2980b9}.template_11>div:last-child{border-bottom:none}}<\/style><style>.apvc_shortcode_ren_6484 { text-align:center;} <\/style><div class=\"apvc_shortcode_ren_6484 template_11\"><div><img decoding=\"async\" src=\"https:\/\/trektrycy.pl\/wp-content\/plugins\/advanced-page-visit-counter\/public\/images\/eye-icon.png\" class=\"apvc-view-icon\" alt=\"apvc-icon\">Odwiedzin: 16996<\/div><\/div>","protected":false},"excerpt":{"rendered":"<p>Wczoraj przeszli\u015bmy si\u0119 nadmorsk\u0105 promenad\u0105 w Porto prawie do uj\u015bcia Douro do morza, wi\u0119c postanawiamy nieco zmieni\u0107 pocz\u0105tek drogi, \u017ceby nie powtarza\u0107 tej samej trasy. &hellip; <\/p>\n","protected":false},"author":1,"featured_media":0,"parent":459,"menu_order":3,"comment_status":"closed","ping_status":"closed","template":"","meta":{"advgb_blocks_editor_width":"","advgb_blocks_columns_visual_guide":"","footnotes":""},"class_list":["post-11592","page","type-page","status-publish","hentry"],"aioseo_notices":[],"coauthors":[],"author_meta":{"author_link":"https:\/\/trektrycy.pl\/?author=1","display_name":"Zbig"},"relative_dates":{"created":"Opublikowano 2 lata temu","modified":"Zaktualizowano 2 lata temu"},"absolute_dates":{"created":"Opublikowano 15\/01\/2024","modified":"Zaktualizowano 15\/01\/2024"},"absolute_dates_time":{"created":"Opublikowano 15\/01\/2024 16:46","modified":"Zaktualizowano 15\/01\/2024 19:57"},"featured_img_caption":"","featured_img":false,"series_order":"","_links":{"self":[{"href":"https:\/\/trektrycy.pl\/index.php?rest_route=\/wp\/v2\/pages\/11592","targetHints":{"allow":["GET"]}}],"collection":[{"href":"https:\/\/trektrycy.pl\/index.php?rest_route=\/wp\/v2\/pages"}],"about":[{"href":"https:\/\/trektrycy.pl\/index.php?rest_route=\/wp\/v2\/types\/page"}],"author":[{"embeddable":true,"href":"https:\/\/trektrycy.pl\/index.php?rest_route=\/wp\/v2\/users\/1"}],"replies":[{"embeddable":true,"href":"https:\/\/trektrycy.pl\/index.php?rest_route=%2Fwp%2Fv2%2Fcomments&post=11592"}],"version-history":[{"count":10,"href":"https:\/\/trektrycy.pl\/index.php?rest_route=\/wp\/v2\/pages\/11592\/revisions"}],"predecessor-version":[{"id":11641,"href":"https:\/\/trektrycy.pl\/index.php?rest_route=\/wp\/v2\/pages\/11592\/revisions\/11641"}],"up":[{"embeddable":true,"href":"https:\/\/trektrycy.pl\/index.php?rest_route=\/wp\/v2\/pages\/459"}],"wp:attachment":[{"href":"https:\/\/trektrycy.pl\/index.php?rest_route=%2Fwp%2Fv2%2Fmedia&parent=11592"}],"curies":[{"name":"wp","href":"https:\/\/api.w.org\/{rel}","templated":true}]}}